{"id":29582,"date":"2020-01-26T11:51:19","date_gmt":"2020-01-26T10:51:19","guid":{"rendered":"https:\/\/cooksringroad.com\/ueber-diesen-blog\/"},"modified":"2020-04-04T14:51:55","modified_gmt":"2020-04-04T12:51:55","slug":"ueber-diesen-blog","status":"publish","type":"page","link":"https:\/\/cooksringroad.com\/de\/ueber-diesen-blog\/","title":{"rendered":"\u00dcBER DIESEN BLOG"},"content":{"rendered":"<p>[et_pb_section fb_built=&#8220;1&#8243; fullwidth=&#8220;on&#8220; admin_label=&#8220;Section&#8220; module_id=&#8220;home&#8220; _builder_version=&#8220;3.22&#8243; custom_padding=&#8220;0px|0px|0px|0px&#8220; transparent_background=&#8220;off&#8220; make_fullwidth=&#8220;off&#8220; use_custom_width=&#8220;off&#8220; width_unit=&#8220;off&#8220; custom_width_px=&#8220;1080px&#8220; custom_width_percent=&#8220;80%&#8220;][et_pb_fullwidth_slider _builder_version=&#8220;4.4.2&#8243; auto=&#8220;on&#8220; auto_speed=&#8220;6000&#8243; hover_enabled=&#8220;0&#8243;][et_pb_slide heading=&#8220;\u00dcber die Cookinseln&#8220; button_text=&#8220;Reise nach Rarotonga&#8220; button_link=&#8220;@ET-DC@eyJkeW5hbWljIjp0cnVlLCJjb250ZW50IjoicG9zdF9saW5rX3VybF9wb3N0Iiwic2V0dGluZ3MiOnsicG9zdF9pZCI6IjMwMjAxIn19@&#8220; _builder_version=&#8220;4.4.2&#8243; _dynamic_attributes=&#8220;button_link&#8220; background_image=&#8220;https:\/\/cooksringroad.com\/wp-content\/uploads\/2018\/12\/Rarotonga-Muri-Beach-1.jpg&#8220; background_enable_image=&#8220;on&#8220;]<\/p>\n<p>M\u00f6chtest du mehr \u00fcber die Cookinseln wissen?<\/p>\n<p>[\/et_pb_slide][et_pb_slide heading=&#8220;\u00dcber Rarotongas Bananenbrot&#8220; button_text=&#8220;Probier es&#8220; button_link=&#8220;@ET-DC@eyJkeW5hbWljIjp0cnVlLCJjb250ZW50IjoicG9zdF9saW5rX3VybF9wb3N0Iiwic2V0dGluZ3MiOnsicG9zdF9pZCI6IjMwNDYxIn19@&#8220; _builder_version=&#8220;4.4.2&#8243; _dynamic_attributes=&#8220;button_link&#8220; background_image=&#8220;https:\/\/cooksringroad.com\/wp-content\/uploads\/2019\/12\/Banana-Bread-ready-3.jpg&#8220; background_enable_image=&#8220;on&#8220; hover_enabled=&#8220;0&#8243;]<\/p>\n<p>M\u00f6chtest du echtes Rarotonga Bananenbrot probieren?<\/p>\n<p>[\/et_pb_slide][\/et_pb_fullwidth_slider][\/et_pb_section][et_pb_section fb_built=&#8220;1&#8243; _builder_version=&#8220;3.22&#8243;][et_pb_row _builder_version=&#8220;3.25&#8243; background_size=&#8220;initial&#8220; background_position=&#8220;top_left&#8220; background_repeat=&#8220;repeat&#8220;][et_pb_column type=&#8220;4_4&#8243; _builder_version=&#8220;3.25&#8243; custom_padding=&#8220;|||&#8220; custom_padding__hover=&#8220;|||&#8220;][et_pb_text _builder_version=&#8220;4.0.9&#8243;]<\/p>\n<p><span style=\"color: #808080;\"><em>Der Titel des Blogs ist von unserem Besuch auf Rarotonga inspiriert, der Hauptinsel der Cookinseln. Rarotonga hat eine 32 km lange Rundstra\u00dfe, mit dem Mofa kann man die Insel in etwa 45 Minuten umrunden. F\u00fcr uns ist der Titel des Blogs also eine Mischung aus Kochen, Rundreisen und einer Anspielung auf unsere Hochzeitsreise.<\/em><\/span><\/p>\n<p>[\/et_pb_text][et_pb_divider color=&#8220;#000000&#8243; _builder_version=&#8220;3.19.1&#8243; height=&#8220;1px&#8220;][\/et_pb_divider][\/et_pb_column][\/et_pb_row][et_pb_row _builder_version=&#8220;3.25&#8243; background_size=&#8220;initial&#8220; background_position=&#8220;top_left&#8220; background_repeat=&#8220;repeat&#8220;][et_pb_column type=&#8220;4_4&#8243; _builder_version=&#8220;3.25&#8243; custom_padding=&#8220;|||&#8220; custom_padding__hover=&#8220;|||&#8220;][et_pb_text _builder_version=&#8220;4.0.9&#8243;]<\/p>\n<h2 style=\"text-align: center;\">\u00dcber diesen Blog<\/h2>\n<p>In unserem Blog m\u00f6chten wir Euch zwei verschiedene Aspekte vorstellen, die beide mit dem Thema Reisen zu tun haben: Vorschl\u00e4ge f\u00fcr Roadtrips sowie f\u00fcr Rezepte.<\/p>\n<p>[\/et_pb_text][\/et_pb_column][\/et_pb_row][et_pb_row column_structure=&#8220;1_2,1_2&#8243; _builder_version=&#8220;3.25&#8243; background_size=&#8220;initial&#8220; background_position=&#8220;top_left&#8220; background_repeat=&#8220;repeat&#8220;][et_pb_column type=&#8220;1_2&#8243; _builder_version=&#8220;3.25&#8243; custom_padding=&#8220;|||&#8220; custom_padding__hover=&#8220;|||&#8220;][et_pb_text _builder_version=&#8220;4.0.9&#8243;]<\/p>\n<h3 style=\"text-align: center;\">Roadtrips<\/h3>\n<p>[\/et_pb_text][et_pb_text _builder_version=&#8220;4.0.9&#8243;]<\/p>\n<p>Du m\u00f6chtest einen Roadtrip machen, wei\u00dft aber nicht, wo du Stopps einlegen sollst oder welche Entfernungen sinnvoll sind?<\/p>\n<p>Wir geben dir Vorschl\u00e4ge f\u00fcr Roadtrips in verschiedenen Regionen, meist f\u00fcr Reisen von einer, zwei oder drei Wochen. Falls wir selbst vor Ort waren, werden wir diese Erfahrung nat\u00fcrlich f\u00fcr unsere Vorschl\u00e4ge nutzen. Dasselbe gilt, wenn wir jemanden kennen, der schon einmal dort war. Wenn nicht, werden wir (d.h. haupts\u00e4chlich Johanna) viel, viel recherchieren, um die besten Ideen f\u00fcr dich zu finden.<\/p>\n<p>[\/et_pb_text][et_pb_image src=&#8220;https:\/\/cooksringroad.com\/wp-content\/uploads\/2018\/12\/Voyage-Voyage.jpg&#8220; align_tablet=&#8220;center&#8220; align_phone=&#8220;&#8220; align_last_edited=&#8220;on|desktop&#8220; _builder_version=&#8220;4.0.9&#8243;][\/et_pb_image][et_pb_text _builder_version=&#8220;4.0.9&#8243;]<\/p>\n<p>Wir wollen dir vor allem helfen. Zum Beispiel indem wir dir n\u00fctzliche Informationen f\u00fcr deine n\u00e4chste Reise liefern oder indem wir dir Ideen f\u00fcr sp\u00e4tere Reisen geben.<\/p>\n<p>Wenn du also irgendwo hinfahren und einem bestimmten Thema folgen m\u00f6chtest, dann sag es uns. Wir werden unser Bestes tun, um die perfekte Tour f\u00fcr dich zu gestalten.<\/p>\n<p>[\/et_pb_text][\/et_pb_column][et_pb_column type=&#8220;1_2&#8243; _builder_version=&#8220;3.25&#8243; custom_padding=&#8220;|||&#8220; custom_padding__hover=&#8220;|||&#8220;][et_pb_text _builder_version=&#8220;4.0.9&#8243;]<\/p>\n<h3 style=\"text-align: center;\">Rezepte<\/h3>\n<p>[\/et_pb_text][et_pb_text _builder_version=&#8220;4.0.9&#8243;]<\/p>\n<p>Kochst du gerne? Und isst du gerne?<\/p>\n<p>Vor dem Urlaub oder nach der R\u00fcckkehr ist es eine wunderbare Sache, sich auf die Reise vorzubereiten oder durch regionale Mahlzeiten an sch\u00f6ne Momente zu erinnern.<\/p>\n<p>[\/et_pb_text][et_pb_image src=&#8220;https:\/\/cooksringroad.com\/wp-content\/uploads\/2018\/12\/Menu.jpg&#8220; align_tablet=&#8220;center&#8220; align_phone=&#8220;&#8220; align_last_edited=&#8220;on|desktop&#8220; _builder_version=&#8220;4.0.9&#8243;][\/et_pb_image][et_pb_text _builder_version=&#8220;4.0.9&#8243;]<\/p>\n<p>Du findest traditionelle Rezepte aus der Region oder weniger bekannte, aber verbreitete Gerichte, die wir auf unseren Reisen kennen gelernt haben. Vor allem m\u00f6chten wir, dass du die Rezepte zu Hause kochen kannst, wo du vielleicht nicht immer die n\u00f6tigen Zutaten findest. Wir (d.h. haupts\u00e4chlich Alex) werden unser Bestes tun, um L\u00f6sungen zu finden, um bestimmte Zutaten zu ersetzen oder selbst zu kreieren.<\/p>\n<p>Falls du ein regionales Gericht suchst, zum Beispiel um einige G\u00e4ste einzuladen, lass es uns wissen. Wir werden es uns an die Arbeit machen und Rezepte f\u00fcr dich finden.<\/p>\n<p>[\/et_pb_text][\/et_pb_column][\/et_pb_row][et_pb_row _builder_version=&#8220;3.25&#8243; background_size=&#8220;initial&#8220; background_position=&#8220;top_left&#8220; background_repeat=&#8220;repeat&#8220;][et_pb_column type=&#8220;4_4&#8243; _builder_version=&#8220;3.25&#8243; custom_padding=&#8220;|||&#8220; custom_padding__hover=&#8220;|||&#8220;][et_pb_text _builder_version=&#8220;4.0.9&#8243;]<\/p>\n<p>Und, ja, wir haben eine Reihe geekiger Interessen, daher sind wir sehr offen f\u00fcr ungew\u00f6hnlichere Themen.<\/p>\n<p>[\/et_pb_text][et_pb_divider color=&#8220;#000000&#8243; _builder_version=&#8220;3.19.1&#8243; height=&#8220;5px&#8220;][\/et_pb_divider][\/et_pb_column][\/et_pb_row][et_pb_row _builder_version=&#8220;3.25&#8243; background_size=&#8220;initial&#8220; background_position=&#8220;top_left&#8220; background_repeat=&#8220;repeat&#8220;][et_pb_column type=&#8220;4_4&#8243; _builder_version=&#8220;3.25&#8243; custom_padding=&#8220;|||&#8220; custom_padding__hover=&#8220;|||&#8220;][et_pb_text _builder_version=&#8220;4.0.9&#8243;]<\/p>\n<h2 style=\"text-align: center;\">Das sind wir<\/h2>\n<p>[\/et_pb_text][\/et_pb_column][\/et_pb_row][et_pb_row column_structure=&#8220;1_3,2_3&#8243; _builder_version=&#8220;3.25&#8243; background_size=&#8220;initial&#8220; background_position=&#8220;top_left&#8220; background_repeat=&#8220;repeat&#8220;][et_pb_column type=&#8220;1_3&#8243; _builder_version=&#8220;3.25&#8243; custom_padding=&#8220;|||&#8220; custom_padding__hover=&#8220;|||&#8220;][et_pb_image src=&#8220;https:\/\/cooksringroad.com\/wp-content\/uploads\/2018\/12\/Snow.jpg&#8220; align_tablet=&#8220;center&#8220; align_phone=&#8220;&#8220; align_last_edited=&#8220;on|desktop&#8220; _builder_version=&#8220;3.23&#8243;][\/et_pb_image][\/et_pb_column][et_pb_column type=&#8220;2_3&#8243; _builder_version=&#8220;3.25&#8243; custom_padding=&#8220;|||&#8220; custom_padding__hover=&#8220;|||&#8220;][et_pb_text _builder_version=&#8220;4.0.9&#8243;]<\/p>\n<p>W\u00e4hrend Alex der Koch in unserem Team ist, \u00fcbernimmt Johanna die Planung.<\/p>\n<p>Und gemeinsam essen wir, reisen und genie\u00dfen unsere Zeit.<\/p>\n<p>[\/et_pb_text][et_pb_button button_url=&#8220;https:\/\/cooksringroad.com\/de\/kontakt\/&#8220; url_new_window=&#8220;on&#8220; button_text=&#8220;Schreib uns&#8220; button_alignment=&#8220;left&#8220; admin_label=&#8220;Button&#8220; _builder_version=&#8220;4.2.2&#8243; custom_button=&#8220;on&#8220; button_text_color=&#8220;#000000&#8243;][\/et_pb_button][\/et_pb_column][\/et_pb_row][\/et_pb_section]<\/p>\n","protected":false},"excerpt":{"rendered":"<p>\u00dcber die CookinselnM\u00f6chtest du mehr \u00fcber die&#8230;<\/p>\n","protected":false},"author":1,"featured_media":0,"parent":0,"menu_order":0,"comment_status":"closed","ping_status":"closed","template":"","meta":{"_et_pb_use_builder":"on","_et_pb_old_content":"","_et_gb_content_width":"","footnotes":""},"class_list":["post-29582","page","type-page","status-publish","hentry"],"yoast_head":"<!-- This site is optimized with the Yoast SEO plugin v27.4 - https:\/\/yoast.com\/product\/yoast-seo-wordpress\/ -->\n<title>Cook&#039;s Ring Road - \u00dcBER DIESEN BLOG<\/title>\n<meta name=\"description\" content=\"Cook&#039;s Ring Road ist ein Blog, der Vorschl\u00e4ge f\u00fcr Roadtrips und Rezepte kombiniert, immer mit Bezug auf bestimmte Regionen. Frag uns und wir geben dir Anregungen!\" \/>\n<meta name=\"robots\" content=\"index, follow, max-snippet:-1, max-image-preview:large, max-video-preview:-1\" \/>\n<link rel=\"canonical\" href=\"https:\/\/cooksringroad.com\/de\/ueber-diesen-blog\/\" \/>\n<meta property=\"og:locale\" content=\"de_DE\" \/>\n<meta property=\"og:type\" content=\"article\" \/>\n<meta property=\"og:title\" content=\"Cook&#039;s Ring Road - \u00dcBER DIESEN BLOG\" \/>\n<meta property=\"og:description\" content=\"Cook&#039;s Ring Road ist ein Blog, der Vorschl\u00e4ge f\u00fcr Roadtrips und Rezepte kombiniert, immer mit Bezug auf bestimmte Regionen. Frag uns und wir geben dir Anregungen!\" \/>\n<meta property=\"og:url\" content=\"https:\/\/cooksringroad.com\/de\/ueber-diesen-blog\/\" \/>\n<meta property=\"og:site_name\" content=\"Cook&#039;s Ring Road\" \/>\n<meta property=\"article:publisher\" content=\"https:\/\/www.facebook.com\/Cooks-Ring-Road-114397376673668\/\" \/>\n<meta property=\"article:modified_time\" content=\"2020-04-04T12:51:55+00:00\" \/>\n<meta name=\"twitter:card\" content=\"summary_large_image\" \/>\n<meta name=\"twitter:site\" content=\"@cooksringroad\" \/>\n<meta name=\"twitter:label1\" content=\"Gesch\u00e4tzte Lesezeit\" \/>\n\t<meta name=\"twitter:data1\" content=\"5\u00a0Minuten\" \/>\n<script type=\"application\/ld+json\" class=\"yoast-schema-graph\">{\"@context\":\"https:\\\/\\\/schema.org\",\"@graph\":[{\"@type\":\"WebPage\",\"@id\":\"https:\\\/\\\/cooksringroad.com\\\/de\\\/ueber-diesen-blog\\\/\",\"url\":\"https:\\\/\\\/cooksringroad.com\\\/de\\\/ueber-diesen-blog\\\/\",\"name\":\"Cook&#039;s Ring Road - \u00dcBER DIESEN BLOG\",\"isPartOf\":{\"@id\":\"https:\\\/\\\/cooksringroad.com\\\/de\\\/#website\"},\"datePublished\":\"2020-01-26T10:51:19+00:00\",\"dateModified\":\"2020-04-04T12:51:55+00:00\",\"description\":\"Cook's Ring Road ist ein Blog, der Vorschl\u00e4ge f\u00fcr Roadtrips und Rezepte kombiniert, immer mit Bezug auf bestimmte Regionen. Frag uns und wir geben dir Anregungen!\",\"breadcrumb\":{\"@id\":\"https:\\\/\\\/cooksringroad.com\\\/de\\\/ueber-diesen-blog\\\/#breadcrumb\"},\"inLanguage\":\"de\",\"potentialAction\":[{\"@type\":\"ReadAction\",\"target\":[\"https:\\\/\\\/cooksringroad.com\\\/de\\\/ueber-diesen-blog\\\/\"]}]},{\"@type\":\"BreadcrumbList\",\"@id\":\"https:\\\/\\\/cooksringroad.com\\\/de\\\/ueber-diesen-blog\\\/#breadcrumb\",\"itemListElement\":[{\"@type\":\"ListItem\",\"position\":1,\"name\":\"Startseite\",\"item\":\"https:\\\/\\\/cooksringroad.com\\\/de\\\/\"},{\"@type\":\"ListItem\",\"position\":2,\"name\":\"\u00dcBER DIESEN BLOG\"}]},{\"@type\":\"WebSite\",\"@id\":\"https:\\\/\\\/cooksringroad.com\\\/de\\\/#website\",\"url\":\"https:\\\/\\\/cooksringroad.com\\\/de\\\/\",\"name\":\"Cook's Ring Road\",\"description\":\"Roadtrips and Recipes\",\"potentialAction\":[{\"@type\":\"SearchAction\",\"target\":{\"@type\":\"EntryPoint\",\"urlTemplate\":\"https:\\\/\\\/cooksringroad.com\\\/de\\\/?s={search_term_string}\"},\"query-input\":{\"@type\":\"PropertyValueSpecification\",\"valueRequired\":true,\"valueName\":\"search_term_string\"}}],\"inLanguage\":\"de\"}]}<\/script>\n<!-- \/ Yoast SEO plugin. -->","yoast_head_json":{"title":"Cook&#039;s Ring Road - \u00dcBER DIESEN BLOG","description":"Cook's Ring Road ist ein Blog, der Vorschl\u00e4ge f\u00fcr Roadtrips und Rezepte kombiniert, immer mit Bezug auf bestimmte Regionen. Frag uns und wir geben dir Anregungen!","robots":{"index":"index","follow":"follow","max-snippet":"max-snippet:-1","max-image-preview":"max-image-preview:large","max-video-preview":"max-video-preview:-1"},"canonical":"https:\/\/cooksringroad.com\/de\/ueber-diesen-blog\/","og_locale":"de_DE","og_type":"article","og_title":"Cook&#039;s Ring Road - \u00dcBER DIESEN BLOG","og_description":"Cook's Ring Road ist ein Blog, der Vorschl\u00e4ge f\u00fcr Roadtrips und Rezepte kombiniert, immer mit Bezug auf bestimmte Regionen. Frag uns und wir geben dir Anregungen!","og_url":"https:\/\/cooksringroad.com\/de\/ueber-diesen-blog\/","og_site_name":"Cook&#039;s Ring Road","article_publisher":"https:\/\/www.facebook.com\/Cooks-Ring-Road-114397376673668\/","article_modified_time":"2020-04-04T12:51:55+00:00","twitter_card":"summary_large_image","twitter_site":"@cooksringroad","twitter_misc":{"Gesch\u00e4tzte Lesezeit":"5\u00a0Minuten"},"schema":{"@context":"https:\/\/schema.org","@graph":[{"@type":"WebPage","@id":"https:\/\/cooksringroad.com\/de\/ueber-diesen-blog\/","url":"https:\/\/cooksringroad.com\/de\/ueber-diesen-blog\/","name":"Cook&#039;s Ring Road - \u00dcBER DIESEN BLOG","isPartOf":{"@id":"https:\/\/cooksringroad.com\/de\/#website"},"datePublished":"2020-01-26T10:51:19+00:00","dateModified":"2020-04-04T12:51:55+00:00","description":"Cook's Ring Road ist ein Blog, der Vorschl\u00e4ge f\u00fcr Roadtrips und Rezepte kombiniert, immer mit Bezug auf bestimmte Regionen. Frag uns und wir geben dir Anregungen!","breadcrumb":{"@id":"https:\/\/cooksringroad.com\/de\/ueber-diesen-blog\/#breadcrumb"},"inLanguage":"de","potentialAction":[{"@type":"ReadAction","target":["https:\/\/cooksringroad.com\/de\/ueber-diesen-blog\/"]}]},{"@type":"BreadcrumbList","@id":"https:\/\/cooksringroad.com\/de\/ueber-diesen-blog\/#breadcrumb","itemListElement":[{"@type":"ListItem","position":1,"name":"Startseite","item":"https:\/\/cooksringroad.com\/de\/"},{"@type":"ListItem","position":2,"name":"\u00dcBER DIESEN BLOG"}]},{"@type":"WebSite","@id":"https:\/\/cooksringroad.com\/de\/#website","url":"https:\/\/cooksringroad.com\/de\/","name":"Cook's Ring Road","description":"Roadtrips and Recipes","potentialAction":[{"@type":"SearchAction","target":{"@type":"EntryPoint","urlTemplate":"https:\/\/cooksringroad.com\/de\/?s={search_term_string}"},"query-input":{"@type":"PropertyValueSpecification","valueRequired":true,"valueName":"search_term_string"}}],"inLanguage":"de"}]}},"_links":{"self":[{"href":"https:\/\/cooksringroad.com\/de\/wp-json\/wp\/v2\/pages\/29582","targetHints":{"allow":["GET"]}}],"collection":[{"href":"https:\/\/cooksringroad.com\/de\/wp-json\/wp\/v2\/pages"}],"about":[{"href":"https:\/\/cooksringroad.com\/de\/wp-json\/wp\/v2\/types\/page"}],"author":[{"embeddable":true,"href":"https:\/\/cooksringroad.com\/de\/wp-json\/wp\/v2\/users\/1"}],"replies":[{"embeddable":true,"href":"https:\/\/cooksringroad.com\/de\/wp-json\/wp\/v2\/comments?post=29582"}],"version-history":[{"count":19,"href":"https:\/\/cooksringroad.com\/de\/wp-json\/wp\/v2\/pages\/29582\/revisions"}],"predecessor-version":[{"id":30778,"href":"https:\/\/cooksringroad.com\/de\/wp-json\/wp\/v2\/pages\/29582\/revisions\/30778"}],"wp:attachment":[{"href":"https:\/\/cooksringroad.com\/de\/wp-json\/wp\/v2\/media?parent=29582"}],"curies":[{"name":"wp","href":"https:\/\/api.w.org\/{rel}","templated":true}]}}