{"id":29585,"date":"2020-01-26T11:53:21","date_gmt":"2020-01-26T10:53:21","guid":{"rendered":"https:\/\/cooksringroad.com\/ueber-uns\/"},"modified":"2022-06-03T11:22:34","modified_gmt":"2022-06-03T09:22:34","slug":"ueber-uns","status":"publish","type":"page","link":"https:\/\/cooksringroad.com\/de\/ueber-uns\/","title":{"rendered":"\u00dcBER UNS"},"content":{"rendered":"<p>[et_pb_section fb_built=&#8220;1&#8243; fullwidth=&#8220;on&#8220; _builder_version=&#8220;4.16&#8243; global_colors_info=&#8220;{}&#8220;][et_pb_fullwidth_slider _builder_version=&#8220;4.16&#8243; auto=&#8220;on&#8220; auto_speed=&#8220;6000&#8243; global_colors_info=&#8220;{}&#8220;][et_pb_slide heading=&#8220;Hunger?&#8220; button_text=&#8220;Erz\u00e4hl mal&#8220; button_link=&#8220;@ET-DC@eyJkeW5hbWljIjp0cnVlLCJjb250ZW50IjoicG9zdF9saW5rX3VybF9wYWdlIiwic2V0dGluZ3MiOnsicG9zdF9pZCI6IjQ1In19@&#8220; _builder_version=&#8220;4.16&#8243; _dynamic_attributes=&#8220;button_link&#8220; background_image=&#8220;https:\/\/cooksringroad.com\/wp-content\/uploads\/2018\/12\/Cooking.jpg&#8220; background_enable_image=&#8220;on&#8220; global_colors_info=&#8220;{}&#8220; sticky_transition=&#8220;on&#8220;]<\/p>\n<p>Verreist du bald und wollst dich in die richtige Stimmung bringen oder m\u00f6chtest du mit einem Essen aus einer bestimmten Region einige Erinnerungen wieder aufleben lassen? Oder planst du einfach ein Essen mit regionalen Themen? Sag uns Bescheid &#8211; und wir finden einige Rezepte f\u00fcr dich!<\/p>\n<p>[\/et_pb_slide][et_pb_slide heading=&#8220;Verreist du?&#8220; button_text=&#8220;Erz\u00e4hl mal&#8220; button_link=&#8220;@ET-DC@eyJkeW5hbWljIjp0cnVlLCJjb250ZW50IjoicG9zdF9saW5rX3VybF9wYWdlIiwic2V0dGluZ3MiOnsicG9zdF9pZCI6IjQ1In19@&#8220; _builder_version=&#8220;4.16&#8243; _dynamic_attributes=&#8220;button_link&#8220; background_image=&#8220;https:\/\/cooksringroad.com\/wp-content\/uploads\/2018\/12\/Writing.jpg&#8220; background_enable_image=&#8220;on&#8220; global_colors_info=&#8220;{}&#8220; sticky_transition=&#8220;on&#8220;]<\/p>\n<p>Du m\u00f6chtest einen Roadtrip machen, hast aber noch nicht die Details herausgefunden? Gib uns einfach ein paar Hinweise, wohin die Reise gehen soll und was du gerne sehen w\u00fcrdest oder an welches Thema du ankn\u00fcpfen m\u00f6chtest &#8211; und wir recherchieren f\u00fcr dich!<\/p>\n<p>[\/et_pb_slide][\/et_pb_fullwidth_slider][\/et_pb_section][et_pb_section fb_built=&#8220;1&#8243; _builder_version=&#8220;4.16&#8243; global_colors_info=&#8220;{}&#8220;][et_pb_row _builder_version=&#8220;4.16&#8243; background_size=&#8220;initial&#8220; background_position=&#8220;top_left&#8220; background_repeat=&#8220;repeat&#8220; global_colors_info=&#8220;{}&#8220;][et_pb_column type=&#8220;4_4&#8243; _builder_version=&#8220;4.16&#8243; custom_padding=&#8220;|||&#8220; global_colors_info=&#8220;{}&#8220; custom_padding__hover=&#8220;|||&#8220;][et_pb_text _builder_version=&#8220;4.17.4&#8243; hover_enabled=&#8220;0&#8243; global_colors_info=&#8220;{}&#8220; sticky_enabled=&#8220;0&#8243;]<\/p>\n<p>Wir beide essen gerne und wir beide reisen gerne. Aber wir unterscheiden uns darin, dass Alex gerne unsere Mahlzeiten kocht, w\u00e4hrend Johanna lieber unsere Reisen plant. Da Johanna diese Mahlzeiten genauso gerne isst wie Alex gerne reist, haben wir eindeutig eine Win-Win-Situation. Und du kannst von unseren Ideen f\u00fcr Roadtrips und Rezepte profitieren.<\/p>\n<p>Alles in allem sind wir wahrscheinlich ein ganz normales multikulturelles Paar, jetzt auch mit zwei Kindern. Beeinflusst durch unsere unterschiedlichen Hintergr\u00fcnde sind wir bestrebt, neue sch\u00f6ne Erinnerungen und Traditionen zu schaffen. Und nat\u00fcrlich lieben wir es, in der K\u00fcche zu tanzen.<\/p>\n<p>[\/et_pb_text][\/et_pb_column][\/et_pb_row][et_pb_row column_structure=&#8220;2_5,3_5&#8243; _builder_version=&#8220;4.16&#8243; background_size=&#8220;initial&#8220; background_position=&#8220;top_left&#8220; background_repeat=&#8220;repeat&#8220; global_colors_info=&#8220;{}&#8220;][et_pb_column type=&#8220;2_5&#8243; _builder_version=&#8220;4.16&#8243; custom_padding=&#8220;|||&#8220; global_colors_info=&#8220;{}&#8220; custom_padding__hover=&#8220;|||&#8220;][et_pb_image src=&#8220;https:\/\/cooksringroad.com\/wp-content\/uploads\/2018\/12\/This-is-us.jpg&#8220; align_tablet=&#8220;center&#8220; align_phone=&#8220;&#8220; align_last_edited=&#8220;on|desktop&#8220; _builder_version=&#8220;4.16&#8243; global_colors_info=&#8220;{}&#8220;][\/et_pb_image][\/et_pb_column][et_pb_column type=&#8220;3_5&#8243; _builder_version=&#8220;4.16&#8243; custom_padding=&#8220;|||&#8220; global_colors_info=&#8220;{}&#8220; custom_padding__hover=&#8220;|||&#8220;][et_pb_text _builder_version=&#8220;4.16&#8243; global_colors_info=&#8220;{}&#8220;]<\/p>\n<p>Da wir beide Herausforderung und das Entdecken neuer Dinge m\u00f6gen, z\u00e4hlen wir voll und ganz auf dich: Wir hoffen, dass du uns viele Ideen f\u00fcr neue Roadtrips und Men\u00fcs zu bestimmten Regionen geben wirst.<\/p>\n<p>Sag uns einfach, f\u00fcr welche Region du dich interessierst und gib uns einige Hinweise. Egal, ob du eine Reise oder ein Essen planst, wir werden unser Bestes tun, um deinen ganz pers\u00f6nlichen Roadtrip oder dein eigenes Men\u00fc zu kreieren.<\/p>\n<p>[\/et_pb_text][\/et_pb_column][\/et_pb_row][et_pb_row _builder_version=&#8220;4.16&#8243; background_size=&#8220;initial&#8220; background_position=&#8220;top_left&#8220; background_repeat=&#8220;repeat&#8220; global_colors_info=&#8220;{}&#8220;][et_pb_column type=&#8220;4_4&#8243; _builder_version=&#8220;4.16&#8243; custom_padding=&#8220;|||&#8220; global_colors_info=&#8220;{}&#8220; custom_padding__hover=&#8220;|||&#8220;][et_pb_text _builder_version=&#8220;4.16&#8243; global_colors_info=&#8220;{}&#8220;]<\/p>\n<p>Du kannst dir aussuchen, ob du uns auf Deutsch, Englisch, Franz\u00f6sisch, Katalanisch oder Spanisch schreiben m\u00f6chtest. Allerdings sind wir keine Englisch-Muttersprachler, daher hab bitte etwas Nachsicht mit uns und diesem Blog.<\/p>\n<p>[\/et_pb_text][\/et_pb_column][\/et_pb_row][et_pb_row _builder_version=&#8220;4.16&#8243; background_size=&#8220;initial&#8220; background_position=&#8220;top_left&#8220; background_repeat=&#8220;repeat&#8220; global_colors_info=&#8220;{}&#8220;][et_pb_column type=&#8220;4_4&#8243; _builder_version=&#8220;4.16&#8243; custom_padding=&#8220;|||&#8220; global_colors_info=&#8220;{}&#8220; custom_padding__hover=&#8220;|||&#8220;][et_pb_button button_url=&#8220;https:\/\/cooksringroad.com\/de\/kontakt\/&#8220; url_new_window=&#8220;on&#8220; button_text=&#8220;Schreib uns&#8220; button_alignment=&#8220;right&#8220; admin_label=&#8220;Button&#8220; _builder_version=&#8220;4.16&#8243; custom_button=&#8220;on&#8220; button_text_color=&#8220;#000000&#8243; global_colors_info=&#8220;{}&#8220;][\/et_pb_button][\/et_pb_column][\/et_pb_row][\/et_pb_section]<\/p>\n","protected":false},"excerpt":{"rendered":"<p>Hunger?Verreist du bald und wollst dich in die&#8230;<\/p>\n","protected":false},"author":1,"featured_media":0,"parent":0,"menu_order":0,"comment_status":"closed","ping_status":"closed","template":"","meta":{"_et_pb_use_builder":"on","_et_pb_old_content":"Das sind wir.","_et_gb_content_width":"","footnotes":""},"class_list":["post-29585","page","type-page","status-publish","hentry"],"yoast_head":"<!-- This site is optimized with the Yoast SEO plugin v27.4 - https:\/\/yoast.com\/product\/yoast-seo-wordpress\/ -->\n<title>Cook&#039;s Ring Road - \u00dcBER UNS<\/title>\n<meta name=\"description\" content=\"Cook&#039;s Ring Road ist ein Blog, der Vorschl\u00e4ge f\u00fcr Roadtrips und Rezepte kombiniert, immer mit Bezug auf bestimmte Regionen. Frag uns und wir geben dir Anregungen!\" \/>\n<meta name=\"robots\" content=\"index, follow, max-snippet:-1, max-image-preview:large, max-video-preview:-1\" \/>\n<link rel=\"canonical\" href=\"https:\/\/cooksringroad.com\/de\/ueber-uns\/\" \/>\n<meta property=\"og:locale\" content=\"de_DE\" \/>\n<meta property=\"og:type\" content=\"article\" \/>\n<meta property=\"og:title\" content=\"Cook&#039;s Ring Road - \u00dcBER UNS\" \/>\n<meta property=\"og:description\" content=\"Cook&#039;s Ring Road ist ein Blog, der Vorschl\u00e4ge f\u00fcr Roadtrips und Rezepte kombiniert, immer mit Bezug auf bestimmte Regionen. Frag uns und wir geben dir Anregungen!\" \/>\n<meta property=\"og:url\" content=\"https:\/\/cooksringroad.com\/de\/ueber-uns\/\" \/>\n<meta property=\"og:site_name\" content=\"Cook&#039;s Ring Road\" \/>\n<meta property=\"article:publisher\" content=\"https:\/\/www.facebook.com\/Cooks-Ring-Road-114397376673668\/\" \/>\n<meta property=\"article:modified_time\" content=\"2022-06-03T09:22:34+00:00\" \/>\n<meta name=\"twitter:card\" content=\"summary_large_image\" \/>\n<meta name=\"twitter:site\" content=\"@cooksringroad\" \/>\n<script type=\"application\/ld+json\" class=\"yoast-schema-graph\">{\"@context\":\"https:\\\/\\\/schema.org\",\"@graph\":[{\"@type\":\"WebPage\",\"@id\":\"https:\\\/\\\/cooksringroad.com\\\/de\\\/ueber-uns\\\/\",\"url\":\"https:\\\/\\\/cooksringroad.com\\\/de\\\/ueber-uns\\\/\",\"name\":\"Cook&#039;s Ring Road - \u00dcBER UNS\",\"isPartOf\":{\"@id\":\"https:\\\/\\\/cooksringroad.com\\\/de\\\/#website\"},\"datePublished\":\"2020-01-26T10:53:21+00:00\",\"dateModified\":\"2022-06-03T09:22:34+00:00\",\"description\":\"Cook's Ring Road ist ein Blog, der Vorschl\u00e4ge f\u00fcr Roadtrips und Rezepte kombiniert, immer mit Bezug auf bestimmte Regionen. Frag uns und wir geben dir Anregungen!\",\"breadcrumb\":{\"@id\":\"https:\\\/\\\/cooksringroad.com\\\/de\\\/ueber-uns\\\/#breadcrumb\"},\"inLanguage\":\"de\",\"potentialAction\":[{\"@type\":\"ReadAction\",\"target\":[\"https:\\\/\\\/cooksringroad.com\\\/de\\\/ueber-uns\\\/\"]}]},{\"@type\":\"BreadcrumbList\",\"@id\":\"https:\\\/\\\/cooksringroad.com\\\/de\\\/ueber-uns\\\/#breadcrumb\",\"itemListElement\":[{\"@type\":\"ListItem\",\"position\":1,\"name\":\"Startseite\",\"item\":\"https:\\\/\\\/cooksringroad.com\\\/de\\\/\"},{\"@type\":\"ListItem\",\"position\":2,\"name\":\"\u00dcBER UNS\"}]},{\"@type\":\"WebSite\",\"@id\":\"https:\\\/\\\/cooksringroad.com\\\/de\\\/#website\",\"url\":\"https:\\\/\\\/cooksringroad.com\\\/de\\\/\",\"name\":\"Cook's Ring Road\",\"description\":\"Roadtrips and Recipes\",\"potentialAction\":[{\"@type\":\"SearchAction\",\"target\":{\"@type\":\"EntryPoint\",\"urlTemplate\":\"https:\\\/\\\/cooksringroad.com\\\/de\\\/?s={search_term_string}\"},\"query-input\":{\"@type\":\"PropertyValueSpecification\",\"valueRequired\":true,\"valueName\":\"search_term_string\"}}],\"inLanguage\":\"de\"}]}<\/script>\n<!-- \/ Yoast SEO plugin. -->","yoast_head_json":{"title":"Cook&#039;s Ring Road - \u00dcBER UNS","description":"Cook's Ring Road ist ein Blog, der Vorschl\u00e4ge f\u00fcr Roadtrips und Rezepte kombiniert, immer mit Bezug auf bestimmte Regionen. Frag uns und wir geben dir Anregungen!","robots":{"index":"index","follow":"follow","max-snippet":"max-snippet:-1","max-image-preview":"max-image-preview:large","max-video-preview":"max-video-preview:-1"},"canonical":"https:\/\/cooksringroad.com\/de\/ueber-uns\/","og_locale":"de_DE","og_type":"article","og_title":"Cook&#039;s Ring Road - \u00dcBER UNS","og_description":"Cook's Ring Road ist ein Blog, der Vorschl\u00e4ge f\u00fcr Roadtrips und Rezepte kombiniert, immer mit Bezug auf bestimmte Regionen. Frag uns und wir geben dir Anregungen!","og_url":"https:\/\/cooksringroad.com\/de\/ueber-uns\/","og_site_name":"Cook&#039;s Ring Road","article_publisher":"https:\/\/www.facebook.com\/Cooks-Ring-Road-114397376673668\/","article_modified_time":"2022-06-03T09:22:34+00:00","twitter_card":"summary_large_image","twitter_site":"@cooksringroad","schema":{"@context":"https:\/\/schema.org","@graph":[{"@type":"WebPage","@id":"https:\/\/cooksringroad.com\/de\/ueber-uns\/","url":"https:\/\/cooksringroad.com\/de\/ueber-uns\/","name":"Cook&#039;s Ring Road - \u00dcBER UNS","isPartOf":{"@id":"https:\/\/cooksringroad.com\/de\/#website"},"datePublished":"2020-01-26T10:53:21+00:00","dateModified":"2022-06-03T09:22:34+00:00","description":"Cook's Ring Road ist ein Blog, der Vorschl\u00e4ge f\u00fcr Roadtrips und Rezepte kombiniert, immer mit Bezug auf bestimmte Regionen. Frag uns und wir geben dir Anregungen!","breadcrumb":{"@id":"https:\/\/cooksringroad.com\/de\/ueber-uns\/#breadcrumb"},"inLanguage":"de","potentialAction":[{"@type":"ReadAction","target":["https:\/\/cooksringroad.com\/de\/ueber-uns\/"]}]},{"@type":"BreadcrumbList","@id":"https:\/\/cooksringroad.com\/de\/ueber-uns\/#breadcrumb","itemListElement":[{"@type":"ListItem","position":1,"name":"Startseite","item":"https:\/\/cooksringroad.com\/de\/"},{"@type":"ListItem","position":2,"name":"\u00dcBER UNS"}]},{"@type":"WebSite","@id":"https:\/\/cooksringroad.com\/de\/#website","url":"https:\/\/cooksringroad.com\/de\/","name":"Cook's Ring Road","description":"Roadtrips and Recipes","potentialAction":[{"@type":"SearchAction","target":{"@type":"EntryPoint","urlTemplate":"https:\/\/cooksringroad.com\/de\/?s={search_term_string}"},"query-input":{"@type":"PropertyValueSpecification","valueRequired":true,"valueName":"search_term_string"}}],"inLanguage":"de"}]}},"_links":{"self":[{"href":"https:\/\/cooksringroad.com\/de\/wp-json\/wp\/v2\/pages\/29585","targetHints":{"allow":["GET"]}}],"collection":[{"href":"https:\/\/cooksringroad.com\/de\/wp-json\/wp\/v2\/pages"}],"about":[{"href":"https:\/\/cooksringroad.com\/de\/wp-json\/wp\/v2\/types\/page"}],"author":[{"embeddable":true,"href":"https:\/\/cooksringroad.com\/de\/wp-json\/wp\/v2\/users\/1"}],"replies":[{"embeddable":true,"href":"https:\/\/cooksringroad.com\/de\/wp-json\/wp\/v2\/comments?post=29585"}],"version-history":[{"count":12,"href":"https:\/\/cooksringroad.com\/de\/wp-json\/wp\/v2\/pages\/29585\/revisions"}],"predecessor-version":[{"id":32773,"href":"https:\/\/cooksringroad.com\/de\/wp-json\/wp\/v2\/pages\/29585\/revisions\/32773"}],"wp:attachment":[{"href":"https:\/\/cooksringroad.com\/de\/wp-json\/wp\/v2\/media?parent=29585"}],"curies":[{"name":"wp","href":"https:\/\/api.w.org\/{rel}","templated":true}]}}