{"id":29474,"date":"2017-02-16T09:13:19","date_gmt":"2017-02-16T08:13:19","guid":{"rendered":"https:\/\/cooksringroad.com\/about-this-blog\/"},"modified":"2020-04-04T12:49:23","modified_gmt":"2020-04-04T10:49:23","slug":"sobre-este-blog","status":"publish","type":"page","link":"https:\/\/cooksringroad.com\/es\/sobre-este-blog\/","title":{"rendered":"SOBRE ESTE BLOG"},"content":{"rendered":"<p>[et_pb_section fb_built=\u00bb1&#8243; fullwidth=\u00bbon\u00bb admin_label=\u00bbSection\u00bb module_id=\u00bbhome\u00bb _builder_version=\u00bb3.22&#8243; custom_padding=\u00bb0px|0px|0px|0px\u00bb transparent_background=\u00bboff\u00bb make_fullwidth=\u00bboff\u00bb use_custom_width=\u00bboff\u00bb width_unit=\u00bboff\u00bb custom_width_px=\u00bb1080px\u00bb custom_width_percent=\u00bb80%\u00bb][et_pb_fullwidth_slider _builder_version=\u00bb4.4.2&#8243; auto=\u00bbon\u00bb auto_speed=\u00bb6000&#8243; hover_enabled=\u00bb0&#8243;][et_pb_slide heading=\u00bbSobre las Islas Cook\u00bb button_text=\u00bbViaje a Rarotonga\u00bb button_link=\u00bb@ET-DC@eyJkeW5hbWljIjp0cnVlLCJjb250ZW50IjoicG9zdF9saW5rX3VybF9wb3N0Iiwic2V0dGluZ3MiOnsicG9zdF9pZCI6IjMwMzIxIn19@\u00bb _builder_version=\u00bb4.4.2&#8243; _dynamic_attributes=\u00bbbutton_link\u00bb background_image=\u00bbhttps:\/\/cooksringroad.com\/wp-content\/uploads\/2018\/12\/Rarotonga-Muri-Beach-1.jpg\u00bb background_enable_image=\u00bbon\u00bb hover_enabled=\u00bb0&#8243;]<\/p>\n<p>\u00bfQuieres saber m\u00e1s sobre las Islas Cook?<\/p>\n<p>[\/et_pb_slide][et_pb_slide heading=\u00bbSobre el Pan de Pl\u00e1tano de Rarotonga\u00bb button_text=\u00bbPru\u00e9balo\u00bb button_link=\u00bb@ET-DC@eyJkeW5hbWljIjp0cnVlLCJjb250ZW50IjoicG9zdF9saW5rX3VybF9wb3N0Iiwic2V0dGluZ3MiOnsicG9zdF9pZCI6IjMwNTU4In19@\u00bb _builder_version=\u00bb4.4.2&#8243; _dynamic_attributes=\u00bbbutton_link\u00bb background_image=\u00bbhttps:\/\/cooksringroad.com\/wp-content\/uploads\/2019\/12\/Banana-Bread-ready-3.jpg\u00bb background_enable_image=\u00bbon\u00bb hover_enabled=\u00bb0&#8243;]<\/p>\n<p>\u00bfQuieres probar el aut\u00e9ntico Pan de Pl\u00e1tano Rarotongan?<\/p>\n<p>[\/et_pb_slide][\/et_pb_fullwidth_slider][\/et_pb_section][et_pb_section fb_built=\u00bb1&#8243; _builder_version=\u00bb3.22&#8243;][et_pb_row _builder_version=\u00bb3.25&#8243; background_size=\u00bbinitial\u00bb background_position=\u00bbtop_left\u00bb background_repeat=\u00bbrepeat\u00bb][et_pb_column type=\u00bb4_4&#8243; _builder_version=\u00bb3.25&#8243; custom_padding=\u00bb|||\u00bb custom_padding__hover=\u00bb|||\u00bb][et_pb_text _builder_version=\u00bb4.0.9&#8243;]<\/p>\n<p><span style=\"color: #808080;\"><em>El nombre del blog est\u00e1 inspirado en nuestra visita a Rarotonga, la isla principal de las Islas Cook. Rarotonga tiene una carretera circular de 32 km. En scooter se puede recorrer la isla en unos 45 minutos. As\u00ed que para nosotros, el nombre del blog es una mezcla de cocina, rutas circulares y una referencia a nuestra luna de miel.<\/em><\/span><\/p>\n<p>[\/et_pb_text][et_pb_divider color=\u00bb#000000&#8243; _builder_version=\u00bb3.19.1&#8243; height=\u00bb1px\u00bb][\/et_pb_divider][\/et_pb_column][\/et_pb_row][et_pb_row _builder_version=\u00bb3.25&#8243; background_size=\u00bbinitial\u00bb background_position=\u00bbtop_left\u00bb background_repeat=\u00bbrepeat\u00bb][et_pb_column type=\u00bb4_4&#8243; _builder_version=\u00bb3.25&#8243; custom_padding=\u00bb|||\u00bb custom_padding__hover=\u00bb|||\u00bb][et_pb_text _builder_version=\u00bb4.0.9&#8243;]<\/p>\n<h2 style=\"text-align: center;\">Sobre este Blog<\/h2>\n<p>En nuestro blog, queremos presentaros dos aspectos diferentes que est\u00e1n relacionados con el viaje: sugerencias de roadtrips y de recetas.<\/p>\n<p>[\/et_pb_text][\/et_pb_column][\/et_pb_row][et_pb_row column_structure=\u00bb1_2,1_2&#8243; _builder_version=\u00bb3.25&#8243; background_size=\u00bbinitial\u00bb background_position=\u00bbtop_left\u00bb background_repeat=\u00bbrepeat\u00bb][et_pb_column type=\u00bb1_2&#8243; _builder_version=\u00bb3.25&#8243; custom_padding=\u00bb|||\u00bb custom_padding__hover=\u00bb|||\u00bb][et_pb_text _builder_version=\u00bb4.0.9&#8243;]<\/p>\n<h3 style=\"text-align: center;\">Roadtrips<\/h3>\n<p>[\/et_pb_text][et_pb_text _builder_version=\u00bb4.0.9&#8243;]<\/p>\n<p>\u00bfQuieres hacer un roadtrip, pero no sabes d\u00f3nde hacer las paradas o qu\u00e9 distancias son razonables?<\/p>\n<p>Te daremos sugerencias para roadtrips en diferentes regiones, sobre todo para viajes de una, dos o tres semanas. En caso de que hayamos estado all\u00ed, por supuesto que utilizaremos esta experiencia para nuestras sugerencias. Lo mismo se aplica si conocemos a alguien que ha estado all\u00ed. Sino, nosotros (es decir, principalmente Johanna) investigaremos al m\u00e1ximo para encontrar las mejores sugerencias a proponerte.<\/p>\n<p>[\/et_pb_text][et_pb_image src=\u00bbhttps:\/\/cooksringroad.com\/wp-content\/uploads\/2018\/12\/Voyage-Voyage.jpg\u00bb align_tablet=\u00bbcenter\u00bb align_phone=\u00bb\u00bb align_last_edited=\u00bbon|desktop\u00bb _builder_version=\u00bb4.0.9&#8243;][\/et_pb_image][et_pb_text _builder_version=\u00bb4.0.9&#8243;]<\/p>\n<p>Lo que queremos principalmente es serte de ayuda. Por ejemplo, proporcion\u00e1ndote informaci\u00f3n \u00fatil para tu pr\u00f3ximo viaje o d\u00e1ndote ideas para futuros viajes.<\/p>\n<p>As\u00ed que si quieres ir a alg\u00fan lugar y seguir una tem\u00e1tica espec\u00edfica, entonces d\u00ednoslo. Haremos todo lo posible para crear el tour perfecto para ti.<\/p>\n<p>[\/et_pb_text][\/et_pb_column][et_pb_column type=\u00bb1_2&#8243; _builder_version=\u00bb3.25&#8243; custom_padding=\u00bb|||\u00bb custom_padding__hover=\u00bb|||\u00bb][et_pb_text _builder_version=\u00bb4.0.9&#8243;]<\/p>\n<h3 style=\"text-align: center;\">Recetas<\/h3>\n<p>[\/et_pb_text][et_pb_text _builder_version=\u00bb4.0.9&#8243;]<\/p>\n<p>\u00bfDisfrutas cocinando? \u00bfY comiendo?<\/p>\n<p>Ya sea para ir preparando el viaje o a la vuelta para recordar momentos geniales vividos, lo mejor es hacerlo cocinando y degustando unas buenas recetas de la zona.<\/p>\n<p>[\/et_pb_text][et_pb_image src=\u00bbhttps:\/\/cooksringroad.com\/wp-content\/uploads\/2018\/12\/Menu.jpg\u00bb align_tablet=\u00bbcenter\u00bb align_phone=\u00bb\u00bb align_last_edited=\u00bbon|desktop\u00bb _builder_version=\u00bb4.0.9&#8243;][\/et_pb_image][et_pb_text _builder_version=\u00bb4.0.9&#8243;]<\/p>\n<p>Encontrar\u00e1s recetas tradicionales de la regi\u00f3n o menos conocidas, pero platos comunes que encontramos durante nuestros viajes. Lo m\u00e1s importante es que queremos que las recetas se puedan cocinar en casa, donde no siempre se encuentran los ingredientes necesarios. Nosotros (es decir, principalmente Alex) haremos todo lo posible para encontrar soluciones para reemplazar ciertos ingredientes o crearlos por tu cuenta.<\/p>\n<p>En caso de que desees hacer una comida tem\u00e1tica de la regi\u00f3n, por ejemplo para invitar a algunos amigos, h\u00e1znoslo saber. Probaremos y encontraremos recetas para ti.<\/p>\n<p>[\/et_pb_text][\/et_pb_column][\/et_pb_row][et_pb_row _builder_version=\u00bb3.25&#8243; background_size=\u00bbinitial\u00bb background_position=\u00bbtop_left\u00bb background_repeat=\u00bbrepeat\u00bb][et_pb_column type=\u00bb4_4&#8243; _builder_version=\u00bb3.25&#8243; custom_padding=\u00bb|||\u00bb custom_padding__hover=\u00bb|||\u00bb][et_pb_text _builder_version=\u00bb4.0.9&#8243;]<\/p>\n<p>Y, s\u00ed, tenemos bastantes intereses geeks, por lo que estamos muy abiertos a otras tem\u00e1ticas.<\/p>\n<p>[\/et_pb_text][et_pb_divider color=\u00bb#000000&#8243; _builder_version=\u00bb3.19.1&#8243; height=\u00bb5px\u00bb][\/et_pb_divider][\/et_pb_column][\/et_pb_row][et_pb_row _builder_version=\u00bb3.25&#8243; background_size=\u00bbinitial\u00bb background_position=\u00bbtop_left\u00bb background_repeat=\u00bbrepeat\u00bb][et_pb_column type=\u00bb4_4&#8243; _builder_version=\u00bb3.25&#8243; custom_padding=\u00bb|||\u00bb custom_padding__hover=\u00bb|||\u00bb][et_pb_text _builder_version=\u00bb4.0.9&#8243;]<\/p>\n<h2 style=\"text-align: center;\">Estos somos nosotros<\/h2>\n<p>[\/et_pb_text][\/et_pb_column][\/et_pb_row][et_pb_row column_structure=\u00bb1_3,2_3&#8243; _builder_version=\u00bb3.25&#8243; background_size=\u00bbinitial\u00bb background_position=\u00bbtop_left\u00bb background_repeat=\u00bbrepeat\u00bb][et_pb_column type=\u00bb1_3&#8243; _builder_version=\u00bb3.25&#8243; custom_padding=\u00bb|||\u00bb custom_padding__hover=\u00bb|||\u00bb][et_pb_image src=\u00bbhttps:\/\/cooksringroad.com\/wp-content\/uploads\/2018\/12\/Snow.jpg\u00bb align_tablet=\u00bbcenter\u00bb align_phone=\u00bb\u00bb align_last_edited=\u00bbon|desktop\u00bb _builder_version=\u00bb3.23&#8243;][\/et_pb_image][\/et_pb_column][et_pb_column type=\u00bb2_3&#8243; _builder_version=\u00bb3.25&#8243; custom_padding=\u00bb|||\u00bb custom_padding__hover=\u00bb|||\u00bb][et_pb_text _builder_version=\u00bb4.0.9&#8243;]<\/p>\n<p>Mientras que Alex es el cocinero de nuestro equipo, Johanna hace la planificaci\u00f3n.<\/p>\n<p>Y juntos comemos, viajamos y disfrutamos de nuestro tiempo.<\/p>\n<p>[\/et_pb_text][et_pb_button button_url=\u00bbhttps:\/\/cooksringroad.com\/es\/contacto\/\u00bb url_new_window=\u00bbon\u00bb button_text=\u00bbContact us\u00bb button_alignment=\u00bbleft\u00bb admin_label=\u00bbButton\u00bb _builder_version=\u00bb4.2.2&#8243; custom_button=\u00bbon\u00bb button_text_color=\u00bb#000000&#8243;][\/et_pb_button][\/et_pb_column][\/et_pb_row][\/et_pb_section]<\/p>\n","protected":false},"excerpt":{"rendered":"<p>Sobre las Islas Cook\u00bfQuieres saber m\u00e1s sobre las&#8230;<\/p>\n","protected":false},"author":1,"featured_media":0,"parent":0,"menu_order":0,"comment_status":"closed","ping_status":"closed","template":"","meta":{"_et_pb_use_builder":"on","_et_pb_old_content":"","_et_gb_content_width":"","footnotes":""},"class_list":["post-29474","page","type-page","status-publish","hentry"],"yoast_head":"<!-- This site is optimized with the Yoast SEO plugin v27.6 - https:\/\/yoast.com\/product\/yoast-seo-wordpress\/ -->\n<title>Cook&#039;s Ring Road - SOBRE ESTE BLOG<\/title>\n<meta name=\"description\" content=\"Cook&#039;s Ring Road es un blog que combina sugerencias de roadtrips y recetas, siempre con referencia a regiones espec\u00edficas. \u00a1Preg\u00fantanos y te daremos ideas!\" \/>\n<meta name=\"robots\" content=\"index, follow, max-snippet:-1, max-image-preview:large, max-video-preview:-1\" \/>\n<link rel=\"canonical\" href=\"https:\/\/cooksringroad.com\/es\/sobre-este-blog\/\" \/>\n<meta property=\"og:locale\" content=\"es_ES\" \/>\n<meta property=\"og:type\" content=\"article\" \/>\n<meta property=\"og:title\" content=\"Cook&#039;s Ring Road - SOBRE ESTE BLOG\" \/>\n<meta property=\"og:description\" content=\"Cook&#039;s Ring Road es un blog que combina sugerencias de roadtrips y recetas, siempre con referencia a regiones espec\u00edficas. \u00a1Preg\u00fantanos y te daremos ideas!\" \/>\n<meta property=\"og:url\" content=\"https:\/\/cooksringroad.com\/es\/sobre-este-blog\/\" \/>\n<meta property=\"og:site_name\" content=\"Cook&#039;s Ring Road\" \/>\n<meta property=\"article:publisher\" content=\"https:\/\/www.facebook.com\/Cooks-Ring-Road-114397376673668\/\" \/>\n<meta property=\"article:modified_time\" content=\"2020-04-04T10:49:23+00:00\" \/>\n<meta name=\"twitter:card\" content=\"summary_large_image\" \/>\n<meta name=\"twitter:site\" content=\"@cooksringroad\" \/>\n<meta name=\"twitter:label1\" content=\"Tiempo de lectura\" \/>\n\t<meta name=\"twitter:data1\" content=\"5 minutos\" \/>\n<script type=\"application\/ld+json\" class=\"yoast-schema-graph\">{\"@context\":\"https:\\\/\\\/schema.org\",\"@graph\":[{\"@type\":\"WebPage\",\"@id\":\"https:\\\/\\\/cooksringroad.com\\\/es\\\/sobre-este-blog\\\/\",\"url\":\"https:\\\/\\\/cooksringroad.com\\\/es\\\/sobre-este-blog\\\/\",\"name\":\"Cook&#039;s Ring Road - SOBRE ESTE BLOG\",\"isPartOf\":{\"@id\":\"https:\\\/\\\/cooksringroad.com\\\/es\\\/#website\"},\"datePublished\":\"2017-02-16T08:13:19+00:00\",\"dateModified\":\"2020-04-04T10:49:23+00:00\",\"description\":\"Cook's Ring Road es un blog que combina sugerencias de roadtrips y recetas, siempre con referencia a regiones espec\u00edficas. \u00a1Preg\u00fantanos y te daremos ideas!\",\"breadcrumb\":{\"@id\":\"https:\\\/\\\/cooksringroad.com\\\/es\\\/sobre-este-blog\\\/#breadcrumb\"},\"inLanguage\":\"es\",\"potentialAction\":[{\"@type\":\"ReadAction\",\"target\":[\"https:\\\/\\\/cooksringroad.com\\\/es\\\/sobre-este-blog\\\/\"]}]},{\"@type\":\"BreadcrumbList\",\"@id\":\"https:\\\/\\\/cooksringroad.com\\\/es\\\/sobre-este-blog\\\/#breadcrumb\",\"itemListElement\":[{\"@type\":\"ListItem\",\"position\":1,\"name\":\"Startseite\",\"item\":\"https:\\\/\\\/cooksringroad.com\\\/es\\\/\"},{\"@type\":\"ListItem\",\"position\":2,\"name\":\"SOBRE ESTE BLOG\"}]},{\"@type\":\"WebSite\",\"@id\":\"https:\\\/\\\/cooksringroad.com\\\/es\\\/#website\",\"url\":\"https:\\\/\\\/cooksringroad.com\\\/es\\\/\",\"name\":\"Cook's Ring Road\",\"description\":\"Roadtrips and Recipes\",\"potentialAction\":[{\"@type\":\"SearchAction\",\"target\":{\"@type\":\"EntryPoint\",\"urlTemplate\":\"https:\\\/\\\/cooksringroad.com\\\/es\\\/?s={search_term_string}\"},\"query-input\":{\"@type\":\"PropertyValueSpecification\",\"valueRequired\":true,\"valueName\":\"search_term_string\"}}],\"inLanguage\":\"es\"}]}<\/script>\n<!-- \/ Yoast SEO plugin. -->","yoast_head_json":{"title":"Cook&#039;s Ring Road - SOBRE ESTE BLOG","description":"Cook's Ring Road es un blog que combina sugerencias de roadtrips y recetas, siempre con referencia a regiones espec\u00edficas. \u00a1Preg\u00fantanos y te daremos ideas!","robots":{"index":"index","follow":"follow","max-snippet":"max-snippet:-1","max-image-preview":"max-image-preview:large","max-video-preview":"max-video-preview:-1"},"canonical":"https:\/\/cooksringroad.com\/es\/sobre-este-blog\/","og_locale":"es_ES","og_type":"article","og_title":"Cook&#039;s Ring Road - SOBRE ESTE BLOG","og_description":"Cook's Ring Road es un blog que combina sugerencias de roadtrips y recetas, siempre con referencia a regiones espec\u00edficas. \u00a1Preg\u00fantanos y te daremos ideas!","og_url":"https:\/\/cooksringroad.com\/es\/sobre-este-blog\/","og_site_name":"Cook&#039;s Ring Road","article_publisher":"https:\/\/www.facebook.com\/Cooks-Ring-Road-114397376673668\/","article_modified_time":"2020-04-04T10:49:23+00:00","twitter_card":"summary_large_image","twitter_site":"@cooksringroad","twitter_misc":{"Tiempo de lectura":"5 minutos"},"schema":{"@context":"https:\/\/schema.org","@graph":[{"@type":"WebPage","@id":"https:\/\/cooksringroad.com\/es\/sobre-este-blog\/","url":"https:\/\/cooksringroad.com\/es\/sobre-este-blog\/","name":"Cook&#039;s Ring Road - SOBRE ESTE BLOG","isPartOf":{"@id":"https:\/\/cooksringroad.com\/es\/#website"},"datePublished":"2017-02-16T08:13:19+00:00","dateModified":"2020-04-04T10:49:23+00:00","description":"Cook's Ring Road es un blog que combina sugerencias de roadtrips y recetas, siempre con referencia a regiones espec\u00edficas. \u00a1Preg\u00fantanos y te daremos ideas!","breadcrumb":{"@id":"https:\/\/cooksringroad.com\/es\/sobre-este-blog\/#breadcrumb"},"inLanguage":"es","potentialAction":[{"@type":"ReadAction","target":["https:\/\/cooksringroad.com\/es\/sobre-este-blog\/"]}]},{"@type":"BreadcrumbList","@id":"https:\/\/cooksringroad.com\/es\/sobre-este-blog\/#breadcrumb","itemListElement":[{"@type":"ListItem","position":1,"name":"Startseite","item":"https:\/\/cooksringroad.com\/es\/"},{"@type":"ListItem","position":2,"name":"SOBRE ESTE BLOG"}]},{"@type":"WebSite","@id":"https:\/\/cooksringroad.com\/es\/#website","url":"https:\/\/cooksringroad.com\/es\/","name":"Cook's Ring Road","description":"Roadtrips and Recipes","potentialAction":[{"@type":"SearchAction","target":{"@type":"EntryPoint","urlTemplate":"https:\/\/cooksringroad.com\/es\/?s={search_term_string}"},"query-input":{"@type":"PropertyValueSpecification","valueRequired":true,"valueName":"search_term_string"}}],"inLanguage":"es"}]}},"_links":{"self":[{"href":"https:\/\/cooksringroad.com\/es\/wp-json\/wp\/v2\/pages\/29474","targetHints":{"allow":["GET"]}}],"collection":[{"href":"https:\/\/cooksringroad.com\/es\/wp-json\/wp\/v2\/pages"}],"about":[{"href":"https:\/\/cooksringroad.com\/es\/wp-json\/wp\/v2\/types\/page"}],"author":[{"embeddable":true,"href":"https:\/\/cooksringroad.com\/es\/wp-json\/wp\/v2\/users\/1"}],"replies":[{"embeddable":true,"href":"https:\/\/cooksringroad.com\/es\/wp-json\/wp\/v2\/comments?post=29474"}],"version-history":[{"count":23,"href":"https:\/\/cooksringroad.com\/es\/wp-json\/wp\/v2\/pages\/29474\/revisions"}],"predecessor-version":[{"id":30722,"href":"https:\/\/cooksringroad.com\/es\/wp-json\/wp\/v2\/pages\/29474\/revisions\/30722"}],"wp:attachment":[{"href":"https:\/\/cooksringroad.com\/es\/wp-json\/wp\/v2\/media?parent=29474"}],"curies":[{"name":"wp","href":"https:\/\/api.w.org\/{rel}","templated":true}]}}