{"id":29527,"date":"2020-01-25T18:58:30","date_gmt":"2020-01-25T17:58:30","guid":{"rendered":"https:\/\/cooksringroad.com\/sobre-nosotros\/"},"modified":"2022-06-03T11:26:06","modified_gmt":"2022-06-03T09:26:06","slug":"sobre-nosotros","status":"publish","type":"page","link":"https:\/\/cooksringroad.com\/es\/sobre-nosotros\/","title":{"rendered":"SOBRE NOSOTROS"},"content":{"rendered":"<p>[et_pb_section fb_built=\u00bb1&#8243; fullwidth=\u00bbon\u00bb _builder_version=\u00bb4.16&#8243; global_colors_info=\u00bb{}\u00bb][et_pb_fullwidth_slider _builder_version=\u00bb4.16&#8243; auto=\u00bbon\u00bb auto_speed=\u00bb6000&#8243; global_colors_info=\u00bb{}\u00bb][et_pb_slide heading=\u00bb\u00bfHambriento?\u00bb button_text=\u00bbCu\u00e9ntenos\u00bb button_link=\u00bb@ET-DC@eyJkeW5hbWljIjp0cnVlLCJjb250ZW50IjoicG9zdF9saW5rX3VybF9wYWdlIiwic2V0dGluZ3MiOnsicG9zdF9pZCI6IjQ1In19@\u00bb _builder_version=\u00bb4.16&#8243; _dynamic_attributes=\u00bbbutton_link\u00bb background_image=\u00bbhttps:\/\/cooksringroad.com\/wp-content\/uploads\/2018\/12\/Cooking.jpg\u00bb background_enable_image=\u00bbon\u00bb global_colors_info=\u00bb{}\u00bb sticky_transition=\u00bbon\u00bb]<\/p>\n<p>\u00bfVas a viajar pronto y quieres ponerte de buen humor? \u00bf te gustar\u00eda revivir algunos momentos vividos con una comida de una regi\u00f3n espec\u00edfica? \u00bfO simplemente planear una comida tem\u00e1tica de la regi\u00f3n? \u00a1Cu\u00e9ntenoslo y encontraremos algunas recetas para usted!<\/p>\n<p>&nbsp;<\/p>\n<p>[\/et_pb_slide][et_pb_slide heading=\u00bb\u00bfVas a alg\u00fan sitio?\u00bb button_text=\u00bbCu\u00e9ntenos\u00bb button_link=\u00bb@ET-DC@eyJkeW5hbWljIjp0cnVlLCJjb250ZW50IjoicG9zdF9saW5rX3VybF9wYWdlIiwic2V0dGluZ3MiOnsicG9zdF9pZCI6IjQ1In19@\u00bb _builder_version=\u00bb4.16&#8243; _dynamic_attributes=\u00bbbutton_link\u00bb background_image=\u00bbhttps:\/\/cooksringroad.com\/wp-content\/uploads\/2018\/12\/Writing.jpg\u00bb background_enable_image=\u00bbon\u00bb global_colors_info=\u00bb{}\u00bb sticky_transition=\u00bbon\u00bb]<\/p>\n<p>\u00bfVas a hacer un viaje por carretera pero a\u00fan no has averiguado los detalles? S\u00f3lo danos algunas indicaciones de d\u00f3nde quieres ir y qu\u00e9 te gustar\u00eda ver o qu\u00e9 tema te gustar\u00eda usar &#8211; \u00a1y nosotros haremos la investigaci\u00f3n por ti!<\/p>\n<p>[\/et_pb_slide][\/et_pb_fullwidth_slider][\/et_pb_section][et_pb_section fb_built=\u00bb1&#8243; _builder_version=\u00bb4.16&#8243; global_colors_info=\u00bb{}\u00bb][et_pb_row _builder_version=\u00bb4.16&#8243; background_size=\u00bbinitial\u00bb background_position=\u00bbtop_left\u00bb background_repeat=\u00bbrepeat\u00bb global_colors_info=\u00bb{}\u00bb][et_pb_column type=\u00bb4_4&#8243; _builder_version=\u00bb4.16&#8243; custom_padding=\u00bb|||\u00bb global_colors_info=\u00bb{}\u00bb custom_padding__hover=\u00bb|||\u00bb][et_pb_text _builder_version=\u00bb4.17.4&#8243; hover_enabled=\u00bb0&#8243; global_colors_info=\u00bb{}\u00bb sticky_enabled=\u00bb0&#8243;]<\/p>\n<p>A los dos nos gusta comer y a los dos nos gusta viajar. Pero donde diferimos es en que Alex disfruta cocinando, mientras que Johanna prefiere planear nuestros viajes. Como a Johanna le gusta comer tanto como a Alex le gusta viajar, claramente tenemos una situaci\u00f3n en la que todos ganamos. Y t\u00fa puedes aprovecharte de nuestras sugerencias de viajes y recetas.<\/p>\n<p>En general, somos probablemente una pareja multicultural bastante normal, ahora tambi\u00e9n con dos ni\u00f1os. Influenciados por nuestros diferentes or\u00edgenes, estamos ansiosos por crear nuevos y hermosos recuerdos y tradiciones. Y, por supuesto, nos encanta bailar en la cocina.<\/p>\n<p>[\/et_pb_text][\/et_pb_column][\/et_pb_row][et_pb_row column_structure=\u00bb2_5,3_5&#8243; _builder_version=\u00bb4.16&#8243; background_size=\u00bbinitial\u00bb background_position=\u00bbtop_left\u00bb background_repeat=\u00bbrepeat\u00bb global_colors_info=\u00bb{}\u00bb][et_pb_column type=\u00bb2_5&#8243; _builder_version=\u00bb4.16&#8243; custom_padding=\u00bb|||\u00bb global_colors_info=\u00bb{}\u00bb custom_padding__hover=\u00bb|||\u00bb][et_pb_image src=\u00bbhttps:\/\/cooksringroad.com\/wp-content\/uploads\/2018\/12\/This-is-us.jpg\u00bb align_tablet=\u00bbcenter\u00bb align_phone=\u00bb\u00bb align_last_edited=\u00bbon|desktop\u00bb _builder_version=\u00bb4.16&#8243; global_colors_info=\u00bb{}\u00bb][\/et_pb_image][\/et_pb_column][et_pb_column type=\u00bb3_5&#8243; _builder_version=\u00bb4.16&#8243; custom_padding=\u00bb|||\u00bb global_colors_info=\u00bb{}\u00bb custom_padding__hover=\u00bb|||\u00bb][et_pb_text _builder_version=\u00bb4.16&#8243; global_colors_info=\u00bb{}\u00bb]<\/p>\n<p>Como ambos apreciamos el desaf\u00edo y el descubrimiento de cosas nuevas, contamos totalmente contigo: esperamos que nos deis muchas ideas para nuevos viajes y comidas tem\u00e1ticas de un pa\u00eds o una regi\u00f3n.<\/p>\n<p>As\u00ed que s\u00f3lo tienes que decirnos en qu\u00e9 regi\u00f3n est\u00e1s interesado y darnos algunas indicaciones. No importa si est\u00e1s planeando un viaje o una men\u00fa, haremos todo lo posible para crear tu propio viaje o men\u00fa.<\/p>\n<p>[\/et_pb_text][\/et_pb_column][\/et_pb_row][et_pb_row _builder_version=\u00bb4.16&#8243; background_size=\u00bbinitial\u00bb background_position=\u00bbtop_left\u00bb background_repeat=\u00bbrepeat\u00bb global_colors_info=\u00bb{}\u00bb][et_pb_column type=\u00bb4_4&#8243; _builder_version=\u00bb4.16&#8243; custom_padding=\u00bb|||\u00bb global_colors_info=\u00bb{}\u00bb custom_padding__hover=\u00bb|||\u00bb][et_pb_text _builder_version=\u00bb4.16&#8243; global_colors_info=\u00bb{}\u00bb]<\/p>\n<p>Puedes elegir si deseas escribirnos en ingl\u00e9s, catal\u00e1n, franc\u00e9s, alem\u00e1n o espa\u00f1ol. Pero no somos nativos ingleses, as\u00ed que por favor tr\u00e1tanos a nosotros y a este blog con indulgencia.<\/p>\n<p>[\/et_pb_text][\/et_pb_column][\/et_pb_row][et_pb_row _builder_version=\u00bb4.16&#8243; background_size=\u00bbinitial\u00bb background_position=\u00bbtop_left\u00bb background_repeat=\u00bbrepeat\u00bb global_colors_info=\u00bb{}\u00bb][et_pb_column type=\u00bb4_4&#8243; _builder_version=\u00bb4.16&#8243; custom_padding=\u00bb|||\u00bb global_colors_info=\u00bb{}\u00bb custom_padding__hover=\u00bb|||\u00bb][et_pb_button button_url=\u00bbhttps:\/\/cooksringroad.com\/es\/contacto\/\u00bb url_new_window=\u00bbon\u00bb button_text=\u00bbContacta con nosotros\u00bb button_alignment=\u00bbright\u00bb admin_label=\u00bbButton\u00bb _builder_version=\u00bb4.16&#8243; custom_button=\u00bbon\u00bb button_text_color=\u00bb#000000&#8243; global_colors_info=\u00bb{}\u00bb][\/et_pb_button][\/et_pb_column][\/et_pb_row][\/et_pb_section]<\/p>\n","protected":false},"excerpt":{"rendered":"<p>\u00bfHambriento?\u00bfVas a viajar pronto y quieres ponerte de&#8230;<\/p>\n","protected":false},"author":1,"featured_media":0,"parent":0,"menu_order":0,"comment_status":"closed","ping_status":"closed","template":"","meta":{"_et_pb_use_builder":"on","_et_pb_old_content":"Estos somos nosotros.","_et_gb_content_width":"","footnotes":""},"class_list":["post-29527","page","type-page","status-publish","hentry"],"yoast_head":"<!-- This site is optimized with the Yoast SEO plugin v27.5 - https:\/\/yoast.com\/product\/yoast-seo-wordpress\/ -->\n<title>Cook&#039;s Ring Road - SOBRE NOSOTROS<\/title>\n<meta name=\"description\" content=\"Cook&#039;s Ring Road es un blog que combina sugerencias de roadtrips y recetas, siempre con referencia a regiones espec\u00edficas. \u00a1Preg\u00fantanos y te daremos ideas!\" \/>\n<meta name=\"robots\" content=\"index, follow, max-snippet:-1, max-image-preview:large, max-video-preview:-1\" \/>\n<link rel=\"canonical\" href=\"https:\/\/cooksringroad.com\/es\/sobre-nosotros\/\" \/>\n<meta property=\"og:locale\" content=\"es_ES\" \/>\n<meta property=\"og:type\" content=\"article\" \/>\n<meta property=\"og:title\" content=\"Cook&#039;s Ring Road - SOBRE NOSOTROS\" \/>\n<meta property=\"og:description\" content=\"Cook&#039;s Ring Road es un blog que combina sugerencias de roadtrips y recetas, siempre con referencia a regiones espec\u00edficas. \u00a1Preg\u00fantanos y te daremos ideas!\" \/>\n<meta property=\"og:url\" content=\"https:\/\/cooksringroad.com\/es\/sobre-nosotros\/\" \/>\n<meta property=\"og:site_name\" content=\"Cook&#039;s Ring Road\" \/>\n<meta property=\"article:publisher\" content=\"https:\/\/www.facebook.com\/Cooks-Ring-Road-114397376673668\/\" \/>\n<meta property=\"article:modified_time\" content=\"2022-06-03T09:26:06+00:00\" \/>\n<meta name=\"twitter:card\" content=\"summary_large_image\" \/>\n<meta name=\"twitter:site\" content=\"@cooksringroad\" \/>\n<meta name=\"twitter:label1\" content=\"Tiempo de lectura\" \/>\n\t<meta name=\"twitter:data1\" content=\"4 minutos\" \/>\n<script type=\"application\/ld+json\" class=\"yoast-schema-graph\">{\"@context\":\"https:\\\/\\\/schema.org\",\"@graph\":[{\"@type\":\"WebPage\",\"@id\":\"https:\\\/\\\/cooksringroad.com\\\/es\\\/sobre-nosotros\\\/\",\"url\":\"https:\\\/\\\/cooksringroad.com\\\/es\\\/sobre-nosotros\\\/\",\"name\":\"Cook&#039;s Ring Road - SOBRE NOSOTROS\",\"isPartOf\":{\"@id\":\"https:\\\/\\\/cooksringroad.com\\\/es\\\/#website\"},\"datePublished\":\"2020-01-25T17:58:30+00:00\",\"dateModified\":\"2022-06-03T09:26:06+00:00\",\"description\":\"Cook's Ring Road es un blog que combina sugerencias de roadtrips y recetas, siempre con referencia a regiones espec\u00edficas. \u00a1Preg\u00fantanos y te daremos ideas!\",\"breadcrumb\":{\"@id\":\"https:\\\/\\\/cooksringroad.com\\\/es\\\/sobre-nosotros\\\/#breadcrumb\"},\"inLanguage\":\"es\",\"potentialAction\":[{\"@type\":\"ReadAction\",\"target\":[\"https:\\\/\\\/cooksringroad.com\\\/es\\\/sobre-nosotros\\\/\"]}]},{\"@type\":\"BreadcrumbList\",\"@id\":\"https:\\\/\\\/cooksringroad.com\\\/es\\\/sobre-nosotros\\\/#breadcrumb\",\"itemListElement\":[{\"@type\":\"ListItem\",\"position\":1,\"name\":\"Startseite\",\"item\":\"https:\\\/\\\/cooksringroad.com\\\/es\\\/\"},{\"@type\":\"ListItem\",\"position\":2,\"name\":\"SOBRE NOSOTROS\"}]},{\"@type\":\"WebSite\",\"@id\":\"https:\\\/\\\/cooksringroad.com\\\/es\\\/#website\",\"url\":\"https:\\\/\\\/cooksringroad.com\\\/es\\\/\",\"name\":\"Cook's Ring Road\",\"description\":\"Roadtrips and Recipes\",\"potentialAction\":[{\"@type\":\"SearchAction\",\"target\":{\"@type\":\"EntryPoint\",\"urlTemplate\":\"https:\\\/\\\/cooksringroad.com\\\/es\\\/?s={search_term_string}\"},\"query-input\":{\"@type\":\"PropertyValueSpecification\",\"valueRequired\":true,\"valueName\":\"search_term_string\"}}],\"inLanguage\":\"es\"}]}<\/script>\n<!-- \/ Yoast SEO plugin. -->","yoast_head_json":{"title":"Cook&#039;s Ring Road - SOBRE NOSOTROS","description":"Cook's Ring Road es un blog que combina sugerencias de roadtrips y recetas, siempre con referencia a regiones espec\u00edficas. \u00a1Preg\u00fantanos y te daremos ideas!","robots":{"index":"index","follow":"follow","max-snippet":"max-snippet:-1","max-image-preview":"max-image-preview:large","max-video-preview":"max-video-preview:-1"},"canonical":"https:\/\/cooksringroad.com\/es\/sobre-nosotros\/","og_locale":"es_ES","og_type":"article","og_title":"Cook&#039;s Ring Road - SOBRE NOSOTROS","og_description":"Cook's Ring Road es un blog que combina sugerencias de roadtrips y recetas, siempre con referencia a regiones espec\u00edficas. \u00a1Preg\u00fantanos y te daremos ideas!","og_url":"https:\/\/cooksringroad.com\/es\/sobre-nosotros\/","og_site_name":"Cook&#039;s Ring Road","article_publisher":"https:\/\/www.facebook.com\/Cooks-Ring-Road-114397376673668\/","article_modified_time":"2022-06-03T09:26:06+00:00","twitter_card":"summary_large_image","twitter_site":"@cooksringroad","twitter_misc":{"Tiempo de lectura":"4 minutos"},"schema":{"@context":"https:\/\/schema.org","@graph":[{"@type":"WebPage","@id":"https:\/\/cooksringroad.com\/es\/sobre-nosotros\/","url":"https:\/\/cooksringroad.com\/es\/sobre-nosotros\/","name":"Cook&#039;s Ring Road - SOBRE NOSOTROS","isPartOf":{"@id":"https:\/\/cooksringroad.com\/es\/#website"},"datePublished":"2020-01-25T17:58:30+00:00","dateModified":"2022-06-03T09:26:06+00:00","description":"Cook's Ring Road es un blog que combina sugerencias de roadtrips y recetas, siempre con referencia a regiones espec\u00edficas. \u00a1Preg\u00fantanos y te daremos ideas!","breadcrumb":{"@id":"https:\/\/cooksringroad.com\/es\/sobre-nosotros\/#breadcrumb"},"inLanguage":"es","potentialAction":[{"@type":"ReadAction","target":["https:\/\/cooksringroad.com\/es\/sobre-nosotros\/"]}]},{"@type":"BreadcrumbList","@id":"https:\/\/cooksringroad.com\/es\/sobre-nosotros\/#breadcrumb","itemListElement":[{"@type":"ListItem","position":1,"name":"Startseite","item":"https:\/\/cooksringroad.com\/es\/"},{"@type":"ListItem","position":2,"name":"SOBRE NOSOTROS"}]},{"@type":"WebSite","@id":"https:\/\/cooksringroad.com\/es\/#website","url":"https:\/\/cooksringroad.com\/es\/","name":"Cook's Ring Road","description":"Roadtrips and Recipes","potentialAction":[{"@type":"SearchAction","target":{"@type":"EntryPoint","urlTemplate":"https:\/\/cooksringroad.com\/es\/?s={search_term_string}"},"query-input":{"@type":"PropertyValueSpecification","valueRequired":true,"valueName":"search_term_string"}}],"inLanguage":"es"}]}},"_links":{"self":[{"href":"https:\/\/cooksringroad.com\/es\/wp-json\/wp\/v2\/pages\/29527","targetHints":{"allow":["GET"]}}],"collection":[{"href":"https:\/\/cooksringroad.com\/es\/wp-json\/wp\/v2\/pages"}],"about":[{"href":"https:\/\/cooksringroad.com\/es\/wp-json\/wp\/v2\/types\/page"}],"author":[{"embeddable":true,"href":"https:\/\/cooksringroad.com\/es\/wp-json\/wp\/v2\/users\/1"}],"replies":[{"embeddable":true,"href":"https:\/\/cooksringroad.com\/es\/wp-json\/wp\/v2\/comments?post=29527"}],"version-history":[{"count":14,"href":"https:\/\/cooksringroad.com\/es\/wp-json\/wp\/v2\/pages\/29527\/revisions"}],"predecessor-version":[{"id":32777,"href":"https:\/\/cooksringroad.com\/es\/wp-json\/wp\/v2\/pages\/29527\/revisions\/32777"}],"wp:attachment":[{"href":"https:\/\/cooksringroad.com\/es\/wp-json\/wp\/v2\/media?parent=29527"}],"curies":[{"name":"wp","href":"https:\/\/api.w.org\/{rel}","templated":true}]}}