{"id":29574,"date":"2020-01-26T11:42:36","date_gmt":"2020-01-26T10:42:36","guid":{"rendered":"https:\/\/cooksringroad.com\/?page_id=29574"},"modified":"2020-04-04T12:37:30","modified_gmt":"2020-04-04T10:37:30","slug":"contacto","status":"publish","type":"page","link":"https:\/\/cooksringroad.com\/es\/contacto\/","title":{"rendered":"CONTACTO"},"content":{"rendered":"<p>[et_pb_section fb_built=\u00bb1&#8243; fullwidth=\u00bbon\u00bb admin_label=\u00bbSection\u00bb _builder_version=\u00bb3.22&#8243; custom_padding=\u00bb0px|0px|0px|0px\u00bb transparent_background=\u00bboff\u00bb make_fullwidth=\u00bboff\u00bb use_custom_width=\u00bboff\u00bb width_unit=\u00bboff\u00bb custom_width_px=\u00bb1080px\u00bb custom_width_percent=\u00bb80%\u00bb][et_pb_fullwidth_slider admin_label=\u00bbSlider\u00bb _builder_version=\u00bb4.4.0&#8243; background_image=\u00bbhttps:\/\/cooksringroad.com\/wp-content\/uploads\/2020\/02\/Contact-Ice-Age.jpg\u00bb custom_padding=\u00bb|||\u00bb button_text_size__hover_enabled=\u00bboff\u00bb button_text_size__hover=\u00bbnull\u00bb button_one_text_size__hover_enabled=\u00bboff\u00bb button_one_text_size__hover=\u00bbnull\u00bb button_two_text_size__hover_enabled=\u00bboff\u00bb button_two_text_size__hover=\u00bbnull\u00bb button_text_color__hover_enabled=\u00bboff\u00bb button_text_color__hover=\u00bbnull\u00bb button_one_text_color__hover_enabled=\u00bboff\u00bb button_one_text_color__hover=\u00bbnull\u00bb button_two_text_color__hover_enabled=\u00bboff\u00bb button_two_text_color__hover=\u00bbnull\u00bb button_border_width__hover_enabled=\u00bboff\u00bb button_border_width__hover=\u00bbnull\u00bb button_one_border_width__hover_enabled=\u00bboff\u00bb button_one_border_width__hover=\u00bbnull\u00bb button_two_border_width__hover_enabled=\u00bboff\u00bb button_two_border_width__hover=\u00bbnull\u00bb button_border_color__hover_enabled=\u00bboff\u00bb button_border_color__hover=\u00bbnull\u00bb button_one_border_color__hover_enabled=\u00bboff\u00bb button_one_border_color__hover=\u00bbnull\u00bb button_two_border_color__hover_enabled=\u00bboff\u00bb button_two_border_color__hover=\u00bbnull\u00bb button_border_radius__hover_enabled=\u00bboff\u00bb button_border_radius__hover=\u00bbnull\u00bb button_one_border_radius__hover_enabled=\u00bboff\u00bb button_one_border_radius__hover=\u00bbnull\u00bb button_two_border_radius__hover_enabled=\u00bboff\u00bb button_two_border_radius__hover=\u00bbnull\u00bb button_letter_spacing__hover_enabled=\u00bbon\u00bb button_letter_spacing__hover=\u00bb0&#8243; button_one_letter_spacing__hover_enabled=\u00bboff\u00bb button_one_letter_spacing__hover=\u00bbnull\u00bb button_two_letter_spacing__hover_enabled=\u00bboff\u00bb button_two_letter_spacing__hover=\u00bbnull\u00bb button_bg_color__hover_enabled=\u00bboff\u00bb button_bg_color__hover=\u00bbnull\u00bb button_one_bg_color__hover_enabled=\u00bboff\u00bb button_one_bg_color__hover=\u00bbnull\u00bb button_two_bg_color__hover_enabled=\u00bboff\u00bb button_two_bg_color__hover=\u00bbnull\u00bb][et_pb_slide heading=\u00bbCont\u00e1ctanos\u00bb use_bg_overlay=\u00bboff\u00bb use_text_overlay=\u00bboff\u00bb _builder_version=\u00bb4.4.0&#8243; header_font=\u00bb||||\u00bb header_font_size=\u00bb85&#8243; body_font=\u00bb||||\u00bb body_line_height=\u00bb1.5em\u00bb background_color=\u00bb#000000&#8243; background_image=\u00bbhttps:\/\/cooksringroad.com\/wp-content\/uploads\/2020\/02\/Contact-Ice-Age.jpg\u00bb background_enable_image=\u00bbon\u00bb custom_button=\u00bbon\u00bb button_text_color=\u00bb#ffffff\u00bb button_border_color=\u00bb#ffffff\u00bb button_font=\u00bb||||\u00bb button_use_icon=\u00bboff\u00bb header_font_size_tablet=\u00bb80px\u00bb header_font_size_phone=\u00bb50px\u00bb header_font_size_last_edited=\u00bbon|phone\u00bb body_font_size_tablet=\u00bb16px\u00bb body_font_size_phone=\u00bb16px\u00bb body_line_height_tablet=\u00bb1.5em\u00bb body_line_height_phone=\u00bb1.5em\u00bb button_text_color_hover=\u00bb#666666&#8243; button_bg_color_hover=\u00bb#ffffff\u00bb]<\/p>\n<p style=\"text-align: center;\">Esperamos tus preguntas, comentarios y solicitudes de art\u00edculos de blogs<\/p>\n<p>[\/et_pb_slide][\/et_pb_fullwidth_slider][\/et_pb_section][et_pb_section fb_built=\u00bb1&#8243; _builder_version=\u00bb3.22&#8243;][et_pb_row _builder_version=\u00bb3.25&#8243; background_size=\u00bbinitial\u00bb background_position=\u00bbtop_left\u00bb background_repeat=\u00bbrepeat\u00bb][et_pb_column type=\u00bb4_4&#8243; _builder_version=\u00bb3.25&#8243; custom_padding=\u00bb|||\u00bb custom_padding__hover=\u00bb|||\u00bb][et_pb_text _builder_version=\u00bb3.27.4&#8243;]<\/p>\n<p>Si quieres que planifiquemos un roadtrip o una receta de una regi\u00f3n espec\u00edfica, \u00a1s\u00f3lo tienes que enviarnos un mensaje con algunas indicaciones clave de lo que tienes en mente! Por supuesto, tambi\u00e9n puedes ponerte en contacto con nosotros para cualquier otro asunto o comentario relacionado con Cook&#8217;s Ring Road.<\/p>\n<p>Hablamos alem\u00e1n, catal\u00e1n, espa\u00f1ol, franc\u00e9s y ingl\u00e9s as\u00ed que puedes elegir cualquiera de estos idiomas.<\/p>\n<p>[\/et_pb_text][\/et_pb_column][\/et_pb_row][et_pb_row _builder_version=\u00bb3.25&#8243; background_size=\u00bbinitial\u00bb background_position=\u00bbtop_left\u00bb background_repeat=\u00bbrepeat\u00bb][et_pb_column type=\u00bb4_4&#8243; _builder_version=\u00bb3.25&#8243; custom_padding=\u00bb|||\u00bb custom_padding__hover=\u00bb|||\u00bb][et_pb_text _builder_version=\u00bb4.4.2&#8243; hover_enabled=\u00bb0&#8243;]<\/p>\n<p>Puedes contactarnos directamente via el formulario o escrivi\u00e9ndonos a <a href=\"mailto:info@cooksringroad.com\">info@cooksringroad.com<\/a>.<\/p>\n<p>[\/et_pb_text][\/et_pb_column][\/et_pb_row][et_pb_row _builder_version=\u00bb3.25&#8243; background_size=\u00bbinitial\u00bb background_position=\u00bbtop_left\u00bb background_repeat=\u00bbrepeat\u00bb][et_pb_column type=\u00bb4_4&#8243; _builder_version=\u00bb3.25&#8243; custom_padding=\u00bb|||\u00bb custom_padding__hover=\u00bb|||\u00bb][et_pb_contact_form email=\u00bbinfo@cooksringroad.com\u00bb success_message=\u00bbGracias.\u00bb submit_button_text=\u00bbEnviar\u00bb admin_label=\u00bbContact form\u00bb _builder_version=\u00bb4.1&#8243; form_field_background_color=\u00bb#d6d6d6&#8243; form_field_text_color=\u00bb#000000&#8243; custom_button=\u00bbon\u00bb button_text_color=\u00bb#000000&#8243; button_border_color=\u00bb#000000&#8243; button_icon_color=\u00bb#000000&#8243; border_width_all=\u00bb1px\u00bb border_color_all=\u00bb#000000&#8243;][et_pb_contact_field field_id=\u00bbName\u00bb field_title=\u00bbNombre\u00bb allowed_symbols=\u00bbletters\u00bb _builder_version=\u00bb4.0.9&#8243;][\/et_pb_contact_field][et_pb_contact_field field_id=\u00bbE-mail\u00bb field_title=\u00bbE-mail\u00bb field_type=\u00bbemail\u00bb _builder_version=\u00bb4.0.9&#8243;][\/et_pb_contact_field][et_pb_contact_field field_id=\u00bbMessage\u00bb field_title=\u00bbMensage\u00bb field_type=\u00bbtext\u00bb fullwidth_field=\u00bbon\u00bb _builder_version=\u00bb3.17.6&#8243;][\/et_pb_contact_field][\/et_pb_contact_form][\/et_pb_column][\/et_pb_row][\/et_pb_section]<\/p>\n","protected":false},"excerpt":{"rendered":"<p>Cont\u00e1ctanosEsperamos tus preguntas, comentarios y&#8230;<\/p>\n","protected":false},"author":1,"featured_media":0,"parent":0,"menu_order":0,"comment_status":"closed","ping_status":"closed","template":"","meta":{"_et_pb_use_builder":"on","_et_pb_old_content":"<p>[et_pb_section fb_built=\"1\" fullwidth=\"on\" admin_label=\"Section\" _builder_version=\"3.22\" custom_padding=\"0px|0px|0px|0px\" transparent_background=\"off\" make_fullwidth=\"off\" use_custom_width=\"off\" width_unit=\"off\" custom_width_px=\"1080px\" custom_width_percent=\"80%\"][et_pb_fullwidth_slider admin_label=\"Slider\" _builder_version=\"4.1\" custom_padding=\"|||\" button_text_size__hover_enabled=\"off\" button_text_size__hover=\"null\" button_one_text_size__hover_enabled=\"off\" button_one_text_size__hover=\"null\" button_two_text_size__hover_enabled=\"off\" button_two_text_size__hover=\"null\" button_text_color__hover_enabled=\"off\" button_text_color__hover=\"null\" button_one_text_color__hover_enabled=\"off\" button_one_text_color__hover=\"null\" button_two_text_color__hover_enabled=\"off\" button_two_text_color__hover=\"null\" button_border_width__hover_enabled=\"off\" button_border_width__hover=\"null\" button_one_border_width__hover_enabled=\"off\" button_one_border_width__hover=\"null\" button_two_border_width__hover_enabled=\"off\" button_two_border_width__hover=\"null\" button_border_color__hover_enabled=\"off\" button_border_color__hover=\"null\" button_one_border_color__hover_enabled=\"off\" button_one_border_color__hover=\"null\" button_two_border_color__hover_enabled=\"off\" button_two_border_color__hover=\"null\" button_border_radius__hover_enabled=\"off\" button_border_radius__hover=\"null\" button_one_border_radius__hover_enabled=\"off\" button_one_border_radius__hover=\"null\" button_two_border_radius__hover_enabled=\"off\" button_two_border_radius__hover=\"null\" button_letter_spacing__hover_enabled=\"on\" button_letter_spacing__hover=\"0\" button_one_letter_spacing__hover_enabled=\"off\" button_one_letter_spacing__hover=\"null\" button_two_letter_spacing__hover_enabled=\"off\" button_two_letter_spacing__hover=\"null\" button_bg_color__hover_enabled=\"off\" button_bg_color__hover=\"null\" button_one_bg_color__hover_enabled=\"off\" button_one_bg_color__hover=\"null\" button_two_bg_color__hover_enabled=\"off\" button_two_bg_color__hover=\"null\"][et_pb_slide heading=\"Contact us\" use_bg_overlay=\"off\" use_text_overlay=\"off\" _builder_version=\"4.1\" header_font=\"||||\" header_font_size=\"85\" body_font=\"||||\" body_line_height=\"1.5em\" background_color=\"#000000\" background_image=\"https:\/\/cooksringroad.com\/wp-content\/uploads\/2020\/01\/20180913_183635-scaled.jpg\" background_enable_image=\"on\" custom_button=\"on\" button_text_color=\"#ffffff\" button_border_color=\"#ffffff\" button_font=\"||||\" button_use_icon=\"off\" header_font_size_tablet=\"80px\" header_font_size_phone=\"50px\" header_font_size_last_edited=\"on|phone\" body_font_size_tablet=\"16px\" body_font_size_phone=\"16px\" body_line_height_tablet=\"1.5em\" body_line_height_phone=\"1.5em\" button_text_color_hover=\"#666666\" button_bg_color_hover=\"#ffffff\"]<\/p><p style=\"text-align: center;\">We are looking forward to your questions, comments and requests for blog-articles.<\/p><p>[\/et_pb_slide][\/et_pb_fullwidth_slider][\/et_pb_section][et_pb_section fb_built=\"1\" _builder_version=\"3.22\"][et_pb_row _builder_version=\"3.25\" background_size=\"initial\" background_position=\"top_left\" background_repeat=\"repeat\"][et_pb_column type=\"4_4\" _builder_version=\"3.25\" custom_padding=\"|||\" custom_padding__hover=\"|||\"][et_pb_text _builder_version=\"3.27.4\"]<\/p><p>If you want us to plan a roadtrip in or a recipe from a specific region, just send us a message with some key indications of what you had in mind! Of course you can also contact us for any other issue or comment regarding Cook's Ring Road.<\/p><p>We speak English, Catalan, French, German and Spanish, so you can choose either of these languages.<\/p><p>[\/et_pb_text][\/et_pb_column][\/et_pb_row][et_pb_row column_structure=\"2_3,1_3\" _builder_version=\"3.25\" background_size=\"initial\" background_position=\"top_left\" background_repeat=\"repeat\"][et_pb_column type=\"2_3\" _builder_version=\"3.25\" custom_padding=\"|||\" custom_padding__hover=\"|||\"][et_pb_text _builder_version=\"3.27.4\"]<\/p><p>You can either use the contact form below or write to us at <a href=\"mailto:info@cooksringroad.com\">info@cooksringroad.com<\/a><\/p><p>[\/et_pb_text][\/et_pb_column][et_pb_column type=\"1_3\" _builder_version=\"3.25\" custom_padding=\"|||\" custom_padding__hover=\"|||\"][et_pb_social_media_follow _builder_version=\"4.2.2\" hover_enabled=\"0\"][et_pb_social_media_follow_network social_network=\"instagram\" url=\"https:\/\/www.instagram.com\/cooksringroad\/\" _builder_version=\"4.0.9\" background_color=\"#ea2c59\" follow_button=\"off\" url_new_window=\"on\"]Instagram<br \/>[\/et_pb_social_media_follow_network][et_pb_social_media_follow_network social_network=\"twitter\" url=\"https:\/\/twitter.com\/cooksringroad\" _builder_version=\"4.0.9\" background_color=\"#00aced\" follow_button=\"off\" url_new_window=\"on\"]Twitter<br \/>[\/et_pb_social_media_follow_network][et_pb_social_media_follow_network social_network=\"facebook\" url=\"https:\/\/www.facebook.com\/Cooks-Ring-Road-114397376673668\/\" _builder_version=\"4.0.9\" background_color=\"#3b5998\" follow_button=\"off\" url_new_window=\"on\"]Facebook<br \/>[\/et_pb_social_media_follow_network][\/et_pb_social_media_follow][\/et_pb_column][\/et_pb_row][et_pb_row _builder_version=\"3.25\" background_size=\"initial\" background_position=\"top_left\" background_repeat=\"repeat\"][et_pb_column type=\"4_4\" _builder_version=\"3.25\" custom_padding=\"|||\" custom_padding__hover=\"|||\"][et_pb_contact_form email=\"info@cooksringroad.com\" success_message=\"Thank you.\" submit_button_text=\"Send\" admin_label=\"Contact form\" _builder_version=\"4.1\" form_field_background_color=\"#d6d6d6\" form_field_text_color=\"#000000\" custom_button=\"on\" button_text_color=\"#000000\" button_border_color=\"#000000\" button_icon_color=\"#000000\" border_width_all=\"1px\" border_color_all=\"#000000\"][et_pb_contact_field field_id=\"Name\" field_title=\"Name\" allowed_symbols=\"letters\" _builder_version=\"4.0.9\"][\/et_pb_contact_field][et_pb_contact_field field_id=\"E-mail\" field_title=\"E-mail address\" field_type=\"email\" _builder_version=\"4.0.9\"][\/et_pb_contact_field][et_pb_contact_field field_id=\"Message\" field_title=\"Message\" field_type=\"text\" fullwidth_field=\"on\" _builder_version=\"3.17.6\"][\/et_pb_contact_field][\/et_pb_contact_form][\/et_pb_column][\/et_pb_row][\/et_pb_section]<\/p>","_et_gb_content_width":"","footnotes":""},"class_list":["post-29574","page","type-page","status-publish","hentry"],"yoast_head":"<!-- This site is optimized with the Yoast SEO plugin v27.5 - https:\/\/yoast.com\/product\/yoast-seo-wordpress\/ -->\n<title>Cook&#039;s Ring Road - CONTACTO<\/title>\n<meta name=\"description\" content=\"Cook&#039;s Ring Road es un blog que combina sugerencias de roadtrips y recetas, siempre con referencia a regiones espec\u00edficas. \u00a1Preg\u00fantanos y te daremos ideas!\" \/>\n<meta name=\"robots\" content=\"index, follow, max-snippet:-1, max-image-preview:large, max-video-preview:-1\" \/>\n<link rel=\"canonical\" href=\"https:\/\/cooksringroad.com\/es\/contacto\/\" \/>\n<meta property=\"og:locale\" content=\"es_ES\" \/>\n<meta property=\"og:type\" content=\"article\" \/>\n<meta property=\"og:title\" content=\"Cook&#039;s Ring Road - CONTACTO\" \/>\n<meta property=\"og:description\" content=\"Cook&#039;s Ring Road es un blog que combina sugerencias de roadtrips y recetas, siempre con referencia a regiones espec\u00edficas. \u00a1Preg\u00fantanos y te daremos ideas!\" \/>\n<meta property=\"og:url\" content=\"https:\/\/cooksringroad.com\/es\/contacto\/\" \/>\n<meta property=\"og:site_name\" content=\"Cook&#039;s Ring Road\" \/>\n<meta property=\"article:publisher\" content=\"https:\/\/www.facebook.com\/Cooks-Ring-Road-114397376673668\/\" \/>\n<meta property=\"article:modified_time\" content=\"2020-04-04T10:37:30+00:00\" \/>\n<meta name=\"twitter:card\" content=\"summary_large_image\" \/>\n<meta name=\"twitter:site\" content=\"@cooksringroad\" \/>\n<meta name=\"twitter:label1\" content=\"Tiempo de lectura\" \/>\n\t<meta name=\"twitter:data1\" content=\"4 minutos\" \/>\n<script type=\"application\/ld+json\" class=\"yoast-schema-graph\">{\"@context\":\"https:\\\/\\\/schema.org\",\"@graph\":[{\"@type\":\"WebPage\",\"@id\":\"https:\\\/\\\/cooksringroad.com\\\/es\\\/contacto\\\/\",\"url\":\"https:\\\/\\\/cooksringroad.com\\\/es\\\/contacto\\\/\",\"name\":\"Cook&#039;s Ring Road - CONTACTO\",\"isPartOf\":{\"@id\":\"https:\\\/\\\/cooksringroad.com\\\/es\\\/#website\"},\"datePublished\":\"2020-01-26T10:42:36+00:00\",\"dateModified\":\"2020-04-04T10:37:30+00:00\",\"description\":\"Cook's Ring Road es un blog que combina sugerencias de roadtrips y recetas, siempre con referencia a regiones espec\u00edficas. \u00a1Preg\u00fantanos y te daremos ideas!\",\"breadcrumb\":{\"@id\":\"https:\\\/\\\/cooksringroad.com\\\/es\\\/contacto\\\/#breadcrumb\"},\"inLanguage\":\"es\",\"potentialAction\":[{\"@type\":\"ReadAction\",\"target\":[\"https:\\\/\\\/cooksringroad.com\\\/es\\\/contacto\\\/\"]}]},{\"@type\":\"BreadcrumbList\",\"@id\":\"https:\\\/\\\/cooksringroad.com\\\/es\\\/contacto\\\/#breadcrumb\",\"itemListElement\":[{\"@type\":\"ListItem\",\"position\":1,\"name\":\"Startseite\",\"item\":\"https:\\\/\\\/cooksringroad.com\\\/es\\\/\"},{\"@type\":\"ListItem\",\"position\":2,\"name\":\"CONTACTO\"}]},{\"@type\":\"WebSite\",\"@id\":\"https:\\\/\\\/cooksringroad.com\\\/es\\\/#website\",\"url\":\"https:\\\/\\\/cooksringroad.com\\\/es\\\/\",\"name\":\"Cook's Ring Road\",\"description\":\"Roadtrips and Recipes\",\"potentialAction\":[{\"@type\":\"SearchAction\",\"target\":{\"@type\":\"EntryPoint\",\"urlTemplate\":\"https:\\\/\\\/cooksringroad.com\\\/es\\\/?s={search_term_string}\"},\"query-input\":{\"@type\":\"PropertyValueSpecification\",\"valueRequired\":true,\"valueName\":\"search_term_string\"}}],\"inLanguage\":\"es\"}]}<\/script>\n<!-- \/ Yoast SEO plugin. -->","yoast_head_json":{"title":"Cook&#039;s Ring Road - CONTACTO","description":"Cook's Ring Road es un blog que combina sugerencias de roadtrips y recetas, siempre con referencia a regiones espec\u00edficas. \u00a1Preg\u00fantanos y te daremos ideas!","robots":{"index":"index","follow":"follow","max-snippet":"max-snippet:-1","max-image-preview":"max-image-preview:large","max-video-preview":"max-video-preview:-1"},"canonical":"https:\/\/cooksringroad.com\/es\/contacto\/","og_locale":"es_ES","og_type":"article","og_title":"Cook&#039;s Ring Road - CONTACTO","og_description":"Cook's Ring Road es un blog que combina sugerencias de roadtrips y recetas, siempre con referencia a regiones espec\u00edficas. \u00a1Preg\u00fantanos y te daremos ideas!","og_url":"https:\/\/cooksringroad.com\/es\/contacto\/","og_site_name":"Cook&#039;s Ring Road","article_publisher":"https:\/\/www.facebook.com\/Cooks-Ring-Road-114397376673668\/","article_modified_time":"2020-04-04T10:37:30+00:00","twitter_card":"summary_large_image","twitter_site":"@cooksringroad","twitter_misc":{"Tiempo de lectura":"4 minutos"},"schema":{"@context":"https:\/\/schema.org","@graph":[{"@type":"WebPage","@id":"https:\/\/cooksringroad.com\/es\/contacto\/","url":"https:\/\/cooksringroad.com\/es\/contacto\/","name":"Cook&#039;s Ring Road - CONTACTO","isPartOf":{"@id":"https:\/\/cooksringroad.com\/es\/#website"},"datePublished":"2020-01-26T10:42:36+00:00","dateModified":"2020-04-04T10:37:30+00:00","description":"Cook's Ring Road es un blog que combina sugerencias de roadtrips y recetas, siempre con referencia a regiones espec\u00edficas. \u00a1Preg\u00fantanos y te daremos ideas!","breadcrumb":{"@id":"https:\/\/cooksringroad.com\/es\/contacto\/#breadcrumb"},"inLanguage":"es","potentialAction":[{"@type":"ReadAction","target":["https:\/\/cooksringroad.com\/es\/contacto\/"]}]},{"@type":"BreadcrumbList","@id":"https:\/\/cooksringroad.com\/es\/contacto\/#breadcrumb","itemListElement":[{"@type":"ListItem","position":1,"name":"Startseite","item":"https:\/\/cooksringroad.com\/es\/"},{"@type":"ListItem","position":2,"name":"CONTACTO"}]},{"@type":"WebSite","@id":"https:\/\/cooksringroad.com\/es\/#website","url":"https:\/\/cooksringroad.com\/es\/","name":"Cook's Ring Road","description":"Roadtrips and Recipes","potentialAction":[{"@type":"SearchAction","target":{"@type":"EntryPoint","urlTemplate":"https:\/\/cooksringroad.com\/es\/?s={search_term_string}"},"query-input":{"@type":"PropertyValueSpecification","valueRequired":true,"valueName":"search_term_string"}}],"inLanguage":"es"}]}},"_links":{"self":[{"href":"https:\/\/cooksringroad.com\/es\/wp-json\/wp\/v2\/pages\/29574","targetHints":{"allow":["GET"]}}],"collection":[{"href":"https:\/\/cooksringroad.com\/es\/wp-json\/wp\/v2\/pages"}],"about":[{"href":"https:\/\/cooksringroad.com\/es\/wp-json\/wp\/v2\/types\/page"}],"author":[{"embeddable":true,"href":"https:\/\/cooksringroad.com\/es\/wp-json\/wp\/v2\/users\/1"}],"replies":[{"embeddable":true,"href":"https:\/\/cooksringroad.com\/es\/wp-json\/wp\/v2\/comments?post=29574"}],"version-history":[{"count":21,"href":"https:\/\/cooksringroad.com\/es\/wp-json\/wp\/v2\/pages\/29574\/revisions"}],"predecessor-version":[{"id":30720,"href":"https:\/\/cooksringroad.com\/es\/wp-json\/wp\/v2\/pages\/29574\/revisions\/30720"}],"wp:attachment":[{"href":"https:\/\/cooksringroad.com\/es\/wp-json\/wp\/v2\/media?parent=29574"}],"curies":[{"name":"wp","href":"https:\/\/api.w.org\/{rel}","templated":true}]}}